{"id":55977,"date":"2024-03-29T18:05:37","date_gmt":"2024-03-29T17:05:37","guid":{"rendered":"https:\/\/psicoterapia-gap.net\/blog\/?page_id=55977"},"modified":"2024-03-29T23:08:23","modified_gmt":"2024-03-29T22:08:23","slug":"emdr","status":"publish","type":"page","link":"https:\/\/psicoterapia-gap.net\/blog\/emdr\/","title":{"rendered":"EMDR"},"content":{"rendered":"\t\t<div data-elementor-type=\"wp-page\" data-elementor-id=\"55977\" class=\"elementor elementor-55977\">\n\t\t\t\t\t\t<section class=\"elementor-section elementor-top-section elementor-element elementor-element-d295da5 elementor-section-boxed elementor-section-height-default elementor-section-height-default\" data-id=\"d295da5\" data-element_type=\"section\">\n\t\t\t\t\t\t<div class=\"elementor-container elementor-column-gap-default\">\n\t\t\t\t\t<div class=\"elementor-column elementor-col-100 elementor-top-column elementor-element elementor-element-a5025b0\" data-id=\"a5025b0\" data-element_type=\"column\">\n\t\t\t<div class=\"elementor-widget-wrap elementor-element-populated\">\n\t\t\t\t\t\t<div class=\"elementor-element elementor-element-e8520f7 elementor-widget elementor-widget-heading\" data-id=\"e8520f7\" data-element_type=\"widget\" data-widget_type=\"heading.default\">\n\t\t\t\t<div class=\"elementor-widget-container\">\n\t\t\t<h1 class=\"elementor-heading-title elementor-size-default\">EMDR<\/h1>\t\t<\/div>\n\t\t\t\t<\/div>\n\t\t\t\t<div class=\"elementor-element elementor-element-500d060 elementor-widget elementor-widget-text-editor\" data-id=\"500d060\" data-element_type=\"widget\" data-widget_type=\"text-editor.default\">\n\t\t\t\t<div class=\"elementor-widget-container\">\n\t\t\t\t\t\t\t<h2 style=\"text-align: center;\">EMDR promueve el procesamiento adaptativo de la informaci\u00f3n.<\/h2>\t\t\t\t\t\t<\/div>\n\t\t\t\t<\/div>\n\t\t\t\t<div class=\"elementor-element elementor-element-30fdff2 elementor-widget elementor-widget-text-editor\" data-id=\"30fdff2\" data-element_type=\"widget\" data-widget_type=\"text-editor.default\">\n\t\t\t\t<div class=\"elementor-widget-container\">\n\t\t\t\t\t\t\t<p style=\"text-align: center;\">Francine Shapiro desarroll\u00f3 en el \u00faltimo cuarto del siglo pasado EMDR (del ingl\u00e9s Eyes Movement Desensitization and Reprocessing) como un abordaje terap\u00e9utico del trauma psicol\u00f3gico.<\/p><p style=\"text-align: center;\">EMDR asume que nuestro organismo cuenta con mecanismos naturales de autorregulaci\u00f3n. Cuando se produce un trauma psicol\u00f3gico la informaci\u00f3n que llega a nuestro cerebro resulta tan abrumadora para nuestras capacidades que, como forma de protegerse y sobrevivir, el cerebro la a\u00edsla quedando almacenada de forma desadaptativa con los diferentes elementos (emociones, sensaciones) con los que apareci\u00f3 en origen. Al entrar en contacto\u00a0<em>a posteriori<\/em>\u00a0con est\u00edmulos \u00abrelacionados\u00bb con esta informaci\u00f3n, las redes de memoria se activan con\u00a0 la intensidad original provocando elevado malestar en la persona.<\/p><p style=\"text-align: center;\">A trav\u00e9s de la estimulaci\u00f3n bilateral, EMDR promueve el procesamiento adaptativo de dicha informaci\u00f3n.<\/p><p style=\"text-align: center;\">A partir de su uso original en estr\u00e9s postraum\u00e1tico, EMDR ha ido aplic\u00e1ndose en el abordaje de diferentes problemas psicol\u00f3gicos (conductas adictivas, problemas de ansiedad y estado de \u00e1nimo, trastornos disociativos, problemas de autoestima, apego\u2026) arrojando resultados interesantes y proporcionando un marco de comprensi\u00f3n amplio que integra diversos enfoques terap\u00e9uticos.<\/p><p style=\"text-align: center;\">Nuestra formaci\u00f3n cuenta con el aval de la\u00a0<a href=\"https:\/\/www.emdr-es.org\/Sobre-EMDR\/Que-es-EMDR\">Asociaci\u00f3n EMDR-Espa\u00f1a<\/a>, perteneciente a\u00a0<a href=\"https:\/\/emdr-europe.org\/\">EMDR Europe<\/a>.<\/p><p style=\"text-align: center;\">Si deseas m\u00e1s informaci\u00f3n\u00a0<a href=\"https:\/\/psicoterapia-gap.net\/blog\/contacto\/\">contacta<\/a> con nosotras sin compromiso.<\/p>\t\t\t\t\t\t<\/div>\n\t\t\t\t<\/div>\n\t\t\t\t\t<\/div>\n\t\t<\/div>\n\t\t\t\t\t<\/div>\n\t\t<\/section>\n\t\t\t\t<section class=\"elementor-section elementor-top-section elementor-element elementor-element-a2dcdd3 elementor-section-boxed elementor-section-height-default elementor-section-height-default\" data-id=\"a2dcdd3\" data-element_type=\"section\">\n\t\t\t\t\t\t<div class=\"elementor-container elementor-column-gap-default\">\n\t\t\t\t\t<div class=\"elementor-column elementor-col-25 elementor-top-column elementor-element elementor-element-01215d1\" data-id=\"01215d1\" data-element_type=\"column\">\n\t\t\t<div class=\"elementor-widget-wrap\">\n\t\t\t\t\t\t\t<\/div>\n\t\t<\/div>\n\t\t\t\t<div class=\"elementor-column elementor-col-50 elementor-top-column elementor-element elementor-element-b80a7b1\" data-id=\"b80a7b1\" data-element_type=\"column\">\n\t\t\t<div class=\"elementor-widget-wrap elementor-element-populated\">\n\t\t\t\t\t\t<div class=\"elementor-element elementor-element-657996d elementor-widget elementor-widget-image\" data-id=\"657996d\" data-element_type=\"widget\" data-widget_type=\"image.default\">\n\t\t\t\t<div class=\"elementor-widget-container\">\n\t\t\t\t\t\t\t\t\t\t\t\t\t\t<a href=\"https:\/\/www.emdr-es.org\/\" target=\"_blank\">\n\t\t\t\t\t\t\t<img fetchpriority=\"high\" decoding=\"async\" width=\"1005\" height=\"738\" src=\"https:\/\/psicoterapia-gap.net\/blog\/wp-content\/uploads\/2024\/03\/Logo-EMDR-Espana-1.jpg\" class=\"attachment-large size-large wp-image-55980\" alt=\"Socio EMDR-Espa\u00f1a\" srcset=\"https:\/\/psicoterapia-gap.net\/blog\/wp-content\/uploads\/2024\/03\/Logo-EMDR-Espana-1.jpg 1005w, https:\/\/psicoterapia-gap.net\/blog\/wp-content\/uploads\/2024\/03\/Logo-EMDR-Espana-1-300x220.jpg 300w, https:\/\/psicoterapia-gap.net\/blog\/wp-content\/uploads\/2024\/03\/Logo-EMDR-Espana-1-768x564.jpg 768w\" sizes=\"(max-width: 1005px) 100vw, 1005px\" \/>\t\t\t\t\t\t\t\t<\/a>\n\t\t\t\t\t\t\t\t\t\t\t\t\t<\/div>\n\t\t\t\t<\/div>\n\t\t\t\t\t<\/div>\n\t\t<\/div>\n\t\t\t\t<div class=\"elementor-column elementor-col-25 elementor-top-column elementor-element elementor-element-f5f4045\" data-id=\"f5f4045\" data-element_type=\"column\">\n\t\t\t<div class=\"elementor-widget-wrap\">\n\t\t\t\t\t\t\t<\/div>\n\t\t<\/div>\n\t\t\t\t\t<\/div>\n\t\t<\/section>\n\t\t\t\t<\/div>\n\t\t","protected":false},"excerpt":{"rendered":"<p>EMDR EMDR promueve el procesamiento adaptativo de la informaci\u00f3n. Francine Shapiro desarroll\u00f3 en el \u00faltimo cuarto del siglo pasado EMDR (del ingl\u00e9s Eyes Movement Desensitization and Reprocessing) como un abordaje terap\u00e9utico del trauma psicol\u00f3gico. EMDR asume que nuestro organismo cuenta con mecanismos naturales de autorregulaci\u00f3n. Cuando se produce un trauma psicol\u00f3gico la informaci\u00f3n que llega [&hellip;]<\/p>\n","protected":false},"author":1,"featured_media":0,"parent":0,"menu_order":0,"comment_status":"closed","ping_status":"closed","template":"","meta":{"_monsterinsights_skip_tracking":false,"_monsterinsights_sitenote_active":false,"_monsterinsights_sitenote_note":"","_monsterinsights_sitenote_category":0,"site-sidebar-layout":"no-sidebar","site-content-layout":"","ast-site-content-layout":"full-width-container","site-content-style":"default","site-sidebar-style":"default","ast-global-header-display":"","ast-banner-title-visibility":"","ast-main-header-display":"","ast-hfb-above-header-display":"","ast-hfb-below-header-display":"","ast-hfb-mobile-header-display":"","site-post-title":"disabled","ast-breadcrumbs-content":"","ast-featured-img":"disabled","footer-sml-layout":"","theme-transparent-header-meta":"","adv-header-id-meta":"","stick-header-meta":"","header-above-stick-meta":"","header-main-stick-meta":"","header-below-stick-meta":"","astra-migrate-meta-layouts":"default","ast-page-background-enabled":"default","ast-page-background-meta":{"desktop":{"background-color":"var(--ast-global-color-4)","background-image":"","background-repeat":"repeat","background-position":"center center","background-size":"auto","background-attachment":"scroll","background-type":"","background-media":"","overlay-type":"","overlay-color":"","overlay-opacity":"","overlay-gradient":""},"tablet":{"background-color":"","background-image":"","background-repeat":"repeat","background-position":"center center","background-size":"auto","background-attachment":"scroll","background-type":"","background-media":"","overlay-type":"","overlay-color":"","overlay-opacity":"","overlay-gradient":""},"mobile":{"background-color":"","background-image":"","background-repeat":"repeat","background-position":"center center","background-size":"auto","background-attachment":"scroll","background-type":"","background-media":"","overlay-type":"","overlay-color":"","overlay-opacity":"","overlay-gradient":""}},"ast-content-background-meta":{"desktop":{"background-color":"var(--ast-global-color-5)","background-image":"","background-repeat":"repeat","background-position":"center center","background-size":"auto","background-attachment":"scroll","background-type":"","background-media":"","overlay-type":"","overlay-color":"","overlay-opacity":"","overlay-gradient":""},"tablet":{"background-color":"var(--ast-global-color-5)","background-image":"","background-repeat":"repeat","background-position":"center center","background-size":"auto","background-attachment":"scroll","background-type":"","background-media":"","overlay-type":"","overlay-color":"","overlay-opacity":"","overlay-gradient":""},"mobile":{"background-color":"var(--ast-global-color-5)","background-image":"","background-repeat":"repeat","background-position":"center center","background-size":"auto","background-attachment":"scroll","background-type":"","background-media":"","overlay-type":"","overlay-color":"","overlay-opacity":"","overlay-gradient":""}},"footnotes":""},"class_list":["post-55977","page","type-page","status-publish","hentry"],"yoast_head":"<!-- This site is optimized with the Yoast SEO plugin v25.4 - https:\/\/yoast.com\/wordpress\/plugins\/seo\/ -->\n<title>EMDR - Gabinete de Acci\u00f3n Psicol\u00f3gica<\/title>\n<meta name=\"description\" content=\"Profesionales formadas en EMDR por EMDR-Espa\u00f1a. Niveles I y II. Abordaje de las vivencias traum\u00e1ticas mediante estimulaci\u00f3n bilateral.\" \/>\n<meta name=\"robots\" content=\"index, follow, max-snippet:-1, max-image-preview:large, max-video-preview:-1\" \/>\n<link rel=\"canonical\" href=\"https:\/\/psicoterapia-gap.net\/blog\/emdr\/\" \/>\n<meta property=\"og:locale\" content=\"es_ES\" \/>\n<meta property=\"og:type\" content=\"article\" \/>\n<meta property=\"og:title\" content=\"EMDR - Gabinete de Acci\u00f3n Psicol\u00f3gica\" \/>\n<meta property=\"og:description\" content=\"Profesionales formadas en EMDR por EMDR-Espa\u00f1a. Niveles I y II. Abordaje de las vivencias traum\u00e1ticas mediante estimulaci\u00f3n bilateral.\" \/>\n<meta property=\"og:url\" content=\"https:\/\/psicoterapia-gap.net\/blog\/emdr\/\" \/>\n<meta property=\"og:site_name\" content=\"Gabinete de Acci\u00f3n Psicol\u00f3gica\" \/>\n<meta property=\"article:modified_time\" content=\"2024-03-29T22:08:23+00:00\" \/>\n<meta property=\"og:image\" content=\"https:\/\/psicoterapia-gap.net\/blog\/wp-content\/uploads\/2024\/03\/Logo-EMDR-Espana-1.jpg\" \/>\n<meta name=\"twitter:card\" content=\"summary_large_image\" \/>\n<meta name=\"twitter:label1\" content=\"Tiempo de lectura\" \/>\n\t<meta name=\"twitter:data1\" content=\"2 minutos\" \/>\n<script type=\"application\/ld+json\" class=\"yoast-schema-graph\">{\"@context\":\"https:\/\/schema.org\",\"@graph\":[{\"@type\":\"WebPage\",\"@id\":\"https:\/\/psicoterapia-gap.net\/blog\/emdr\/\",\"url\":\"https:\/\/psicoterapia-gap.net\/blog\/emdr\/\",\"name\":\"EMDR - Gabinete de Acci\u00f3n Psicol\u00f3gica\",\"isPartOf\":{\"@id\":\"https:\/\/psicoterapia-gap.net\/blog\/#website\"},\"primaryImageOfPage\":{\"@id\":\"https:\/\/psicoterapia-gap.net\/blog\/emdr\/#primaryimage\"},\"image\":{\"@id\":\"https:\/\/psicoterapia-gap.net\/blog\/emdr\/#primaryimage\"},\"thumbnailUrl\":\"https:\/\/psicoterapia-gap.net\/blog\/wp-content\/uploads\/2024\/03\/Logo-EMDR-Espana-1.jpg\",\"datePublished\":\"2024-03-29T17:05:37+00:00\",\"dateModified\":\"2024-03-29T22:08:23+00:00\",\"description\":\"Profesionales formadas en EMDR por EMDR-Espa\u00f1a. Niveles I y II. Abordaje de las vivencias traum\u00e1ticas mediante estimulaci\u00f3n bilateral.\",\"breadcrumb\":{\"@id\":\"https:\/\/psicoterapia-gap.net\/blog\/emdr\/#breadcrumb\"},\"inLanguage\":\"es\",\"potentialAction\":[{\"@type\":\"ReadAction\",\"target\":[\"https:\/\/psicoterapia-gap.net\/blog\/emdr\/\"]}]},{\"@type\":\"ImageObject\",\"inLanguage\":\"es\",\"@id\":\"https:\/\/psicoterapia-gap.net\/blog\/emdr\/#primaryimage\",\"url\":\"https:\/\/psicoterapia-gap.net\/blog\/wp-content\/uploads\/2024\/03\/Logo-EMDR-Espana-1.jpg\",\"contentUrl\":\"https:\/\/psicoterapia-gap.net\/blog\/wp-content\/uploads\/2024\/03\/Logo-EMDR-Espana-1.jpg\",\"width\":1005,\"height\":738,\"caption\":\"Socio EMDR-Espa\u00f1a\"},{\"@type\":\"BreadcrumbList\",\"@id\":\"https:\/\/psicoterapia-gap.net\/blog\/emdr\/#breadcrumb\",\"itemListElement\":[{\"@type\":\"ListItem\",\"position\":1,\"name\":\"Portada\",\"item\":\"https:\/\/psicoterapia-gap.net\/blog\/\"},{\"@type\":\"ListItem\",\"position\":2,\"name\":\"EMDR\"}]},{\"@type\":\"WebSite\",\"@id\":\"https:\/\/psicoterapia-gap.net\/blog\/#website\",\"url\":\"https:\/\/psicoterapia-gap.net\/blog\/\",\"name\":\"Gabinete de Acci\u00f3n Psicol\u00f3gica\",\"description\":\"Psicolog\u00eda Madrid centro\",\"publisher\":{\"@id\":\"https:\/\/psicoterapia-gap.net\/blog\/#organization\"},\"alternateName\":\"GAP Psicolog\u00eda\",\"potentialAction\":[{\"@type\":\"SearchAction\",\"target\":{\"@type\":\"EntryPoint\",\"urlTemplate\":\"https:\/\/psicoterapia-gap.net\/blog\/?s={search_term_string}\"},\"query-input\":{\"@type\":\"PropertyValueSpecification\",\"valueRequired\":true,\"valueName\":\"search_term_string\"}}],\"inLanguage\":\"es\"},{\"@type\":\"Organization\",\"@id\":\"https:\/\/psicoterapia-gap.net\/blog\/#organization\",\"name\":\"Gabinete de Acci\u00f3n Psicol\u00f3gica\",\"url\":\"https:\/\/psicoterapia-gap.net\/blog\/\",\"logo\":{\"@type\":\"ImageObject\",\"inLanguage\":\"es\",\"@id\":\"https:\/\/psicoterapia-gap.net\/blog\/#\/schema\/logo\/image\/\",\"url\":\"https:\/\/psicoterapia-gap.net\/blog\/wp-content\/uploads\/2017\/08\/logo-151.png\",\"contentUrl\":\"https:\/\/psicoterapia-gap.net\/blog\/wp-content\/uploads\/2017\/08\/logo-151.png\",\"width\":164,\"height\":33,\"caption\":\"Gabinete de Acci\u00f3n Psicol\u00f3gica\"},\"image\":{\"@id\":\"https:\/\/psicoterapia-gap.net\/blog\/#\/schema\/logo\/image\/\"},\"sameAs\":[\"https:\/\/www.instagram.com\/gappsicologia\/\"]}]}<\/script>\n<!-- \/ Yoast SEO plugin. -->","yoast_head_json":{"title":"EMDR - Gabinete de Acci\u00f3n Psicol\u00f3gica","description":"Profesionales formadas en EMDR por EMDR-Espa\u00f1a. Niveles I y II. Abordaje de las vivencias traum\u00e1ticas mediante estimulaci\u00f3n bilateral.","robots":{"index":"index","follow":"follow","max-snippet":"max-snippet:-1","max-image-preview":"max-image-preview:large","max-video-preview":"max-video-preview:-1"},"canonical":"https:\/\/psicoterapia-gap.net\/blog\/emdr\/","og_locale":"es_ES","og_type":"article","og_title":"EMDR - Gabinete de Acci\u00f3n Psicol\u00f3gica","og_description":"Profesionales formadas en EMDR por EMDR-Espa\u00f1a. Niveles I y II. Abordaje de las vivencias traum\u00e1ticas mediante estimulaci\u00f3n bilateral.","og_url":"https:\/\/psicoterapia-gap.net\/blog\/emdr\/","og_site_name":"Gabinete de Acci\u00f3n Psicol\u00f3gica","article_modified_time":"2024-03-29T22:08:23+00:00","og_image":[{"url":"https:\/\/psicoterapia-gap.net\/blog\/wp-content\/uploads\/2024\/03\/Logo-EMDR-Espana-1.jpg","type":"","width":"","height":""}],"twitter_card":"summary_large_image","twitter_misc":{"Tiempo de lectura":"2 minutos"},"schema":{"@context":"https:\/\/schema.org","@graph":[{"@type":"WebPage","@id":"https:\/\/psicoterapia-gap.net\/blog\/emdr\/","url":"https:\/\/psicoterapia-gap.net\/blog\/emdr\/","name":"EMDR - Gabinete de Acci\u00f3n Psicol\u00f3gica","isPartOf":{"@id":"https:\/\/psicoterapia-gap.net\/blog\/#website"},"primaryImageOfPage":{"@id":"https:\/\/psicoterapia-gap.net\/blog\/emdr\/#primaryimage"},"image":{"@id":"https:\/\/psicoterapia-gap.net\/blog\/emdr\/#primaryimage"},"thumbnailUrl":"https:\/\/psicoterapia-gap.net\/blog\/wp-content\/uploads\/2024\/03\/Logo-EMDR-Espana-1.jpg","datePublished":"2024-03-29T17:05:37+00:00","dateModified":"2024-03-29T22:08:23+00:00","description":"Profesionales formadas en EMDR por EMDR-Espa\u00f1a. Niveles I y II. Abordaje de las vivencias traum\u00e1ticas mediante estimulaci\u00f3n bilateral.","breadcrumb":{"@id":"https:\/\/psicoterapia-gap.net\/blog\/emdr\/#breadcrumb"},"inLanguage":"es","potentialAction":[{"@type":"ReadAction","target":["https:\/\/psicoterapia-gap.net\/blog\/emdr\/"]}]},{"@type":"ImageObject","inLanguage":"es","@id":"https:\/\/psicoterapia-gap.net\/blog\/emdr\/#primaryimage","url":"https:\/\/psicoterapia-gap.net\/blog\/wp-content\/uploads\/2024\/03\/Logo-EMDR-Espana-1.jpg","contentUrl":"https:\/\/psicoterapia-gap.net\/blog\/wp-content\/uploads\/2024\/03\/Logo-EMDR-Espana-1.jpg","width":1005,"height":738,"caption":"Socio EMDR-Espa\u00f1a"},{"@type":"BreadcrumbList","@id":"https:\/\/psicoterapia-gap.net\/blog\/emdr\/#breadcrumb","itemListElement":[{"@type":"ListItem","position":1,"name":"Portada","item":"https:\/\/psicoterapia-gap.net\/blog\/"},{"@type":"ListItem","position":2,"name":"EMDR"}]},{"@type":"WebSite","@id":"https:\/\/psicoterapia-gap.net\/blog\/#website","url":"https:\/\/psicoterapia-gap.net\/blog\/","name":"Gabinete de Acci\u00f3n Psicol\u00f3gica","description":"Psicolog\u00eda Madrid centro","publisher":{"@id":"https:\/\/psicoterapia-gap.net\/blog\/#organization"},"alternateName":"GAP Psicolog\u00eda","potentialAction":[{"@type":"SearchAction","target":{"@type":"EntryPoint","urlTemplate":"https:\/\/psicoterapia-gap.net\/blog\/?s={search_term_string}"},"query-input":{"@type":"PropertyValueSpecification","valueRequired":true,"valueName":"search_term_string"}}],"inLanguage":"es"},{"@type":"Organization","@id":"https:\/\/psicoterapia-gap.net\/blog\/#organization","name":"Gabinete de Acci\u00f3n Psicol\u00f3gica","url":"https:\/\/psicoterapia-gap.net\/blog\/","logo":{"@type":"ImageObject","inLanguage":"es","@id":"https:\/\/psicoterapia-gap.net\/blog\/#\/schema\/logo\/image\/","url":"https:\/\/psicoterapia-gap.net\/blog\/wp-content\/uploads\/2017\/08\/logo-151.png","contentUrl":"https:\/\/psicoterapia-gap.net\/blog\/wp-content\/uploads\/2017\/08\/logo-151.png","width":164,"height":33,"caption":"Gabinete de Acci\u00f3n Psicol\u00f3gica"},"image":{"@id":"https:\/\/psicoterapia-gap.net\/blog\/#\/schema\/logo\/image\/"},"sameAs":["https:\/\/www.instagram.com\/gappsicologia\/"]}]}},"_links":{"self":[{"href":"https:\/\/psicoterapia-gap.net\/blog\/wp-json\/wp\/v2\/pages\/55977","targetHints":{"allow":["GET"]}}],"collection":[{"href":"https:\/\/psicoterapia-gap.net\/blog\/wp-json\/wp\/v2\/pages"}],"about":[{"href":"https:\/\/psicoterapia-gap.net\/blog\/wp-json\/wp\/v2\/types\/page"}],"author":[{"embeddable":true,"href":"https:\/\/psicoterapia-gap.net\/blog\/wp-json\/wp\/v2\/users\/1"}],"replies":[{"embeddable":true,"href":"https:\/\/psicoterapia-gap.net\/blog\/wp-json\/wp\/v2\/comments?post=55977"}],"version-history":[{"count":17,"href":"https:\/\/psicoterapia-gap.net\/blog\/wp-json\/wp\/v2\/pages\/55977\/revisions"}],"predecessor-version":[{"id":56067,"href":"https:\/\/psicoterapia-gap.net\/blog\/wp-json\/wp\/v2\/pages\/55977\/revisions\/56067"}],"wp:attachment":[{"href":"https:\/\/psicoterapia-gap.net\/blog\/wp-json\/wp\/v2\/media?parent=55977"}],"curies":[{"name":"wp","href":"https:\/\/api.w.org\/{rel}","templated":true}]}}