{"id":55922,"date":"2024-03-29T17:03:17","date_gmt":"2024-03-29T16:03:17","guid":{"rendered":"https:\/\/psicoterapia-gap.net\/blog\/?page_id=55922"},"modified":"2024-08-15T17:03:56","modified_gmt":"2024-08-15T16:03:56","slug":"psicoterapia-madrid","status":"publish","type":"page","link":"https:\/\/psicoterapia-gap.net\/blog\/psicoterapia-madrid\/","title":{"rendered":"Psicoterapia"},"content":{"rendered":"\t\t<div data-elementor-type=\"wp-page\" data-elementor-id=\"55922\" class=\"elementor elementor-55922\">\n\t\t\t\t\t\t<section class=\"elementor-section elementor-top-section elementor-element elementor-element-b079e6e elementor-section-boxed elementor-section-height-default elementor-section-height-default\" data-id=\"b079e6e\" data-element_type=\"section\">\n\t\t\t\t\t\t<div class=\"elementor-container elementor-column-gap-default\">\n\t\t\t\t\t<div class=\"elementor-column elementor-col-100 elementor-top-column elementor-element elementor-element-989748f\" data-id=\"989748f\" data-element_type=\"column\">\n\t\t\t<div class=\"elementor-widget-wrap elementor-element-populated\">\n\t\t\t\t\t\t<div class=\"elementor-element elementor-element-03452e7 elementor-widget elementor-widget-heading\" data-id=\"03452e7\" data-element_type=\"widget\" data-widget_type=\"heading.default\">\n\t\t\t\t<div class=\"elementor-widget-container\">\n\t\t\t<h1 class=\"elementor-heading-title elementor-size-default\">Psicoterapia en Madrid centro<\/h1>\t\t<\/div>\n\t\t\t\t<\/div>\n\t\t\t\t\t<\/div>\n\t\t<\/div>\n\t\t\t\t\t<\/div>\n\t\t<\/section>\n\t\t\t\t<section class=\"elementor-section elementor-top-section elementor-element elementor-element-2281465 elementor-section-boxed elementor-section-height-default elementor-section-height-default\" data-id=\"2281465\" data-element_type=\"section\">\n\t\t\t\t\t\t<div class=\"elementor-container elementor-column-gap-default\">\n\t\t\t\t\t<div class=\"elementor-column elementor-col-100 elementor-top-column elementor-element elementor-element-4e5baa6\" data-id=\"4e5baa6\" data-element_type=\"column\">\n\t\t\t<div class=\"elementor-widget-wrap elementor-element-populated\">\n\t\t\t\t\t\t<div class=\"elementor-element elementor-element-4574ba3 elementor-widget elementor-widget-image\" data-id=\"4574ba3\" data-element_type=\"widget\" data-widget_type=\"image.default\">\n\t\t\t\t<div class=\"elementor-widget-container\">\n\t\t\t\t\t\t\t\t\t\t\t\t\t<img fetchpriority=\"high\" decoding=\"async\" width=\"1500\" height=\"1000\" src=\"https:\/\/psicoterapia-gap.net\/blog\/wp-content\/uploads\/2018\/12\/DONT-DISTURB-GAP.jpg\" class=\"attachment-full size-full wp-image-55631\" alt=\"Atenci\u00f3n psicol\u00f3gica Madrid\" srcset=\"https:\/\/psicoterapia-gap.net\/blog\/wp-content\/uploads\/2018\/12\/DONT-DISTURB-GAP.jpg 1500w, https:\/\/psicoterapia-gap.net\/blog\/wp-content\/uploads\/2018\/12\/DONT-DISTURB-GAP-300x200.jpg 300w, https:\/\/psicoterapia-gap.net\/blog\/wp-content\/uploads\/2018\/12\/DONT-DISTURB-GAP-768x512.jpg 768w, https:\/\/psicoterapia-gap.net\/blog\/wp-content\/uploads\/2018\/12\/DONT-DISTURB-GAP-1024x683.jpg 1024w, https:\/\/psicoterapia-gap.net\/blog\/wp-content\/uploads\/2018\/12\/DONT-DISTURB-GAP-670x446.jpg 670w, https:\/\/psicoterapia-gap.net\/blog\/wp-content\/uploads\/2018\/12\/DONT-DISTURB-GAP-600x400.jpg 600w, https:\/\/psicoterapia-gap.net\/blog\/wp-content\/uploads\/2018\/12\/DONT-DISTURB-GAP-390x260.jpg 390w, https:\/\/psicoterapia-gap.net\/blog\/wp-content\/uploads\/2018\/12\/DONT-DISTURB-GAP-285x190.jpg 285w\" sizes=\"(max-width: 1500px) 100vw, 1500px\" \/>\t\t\t\t\t\t\t\t\t\t\t\t\t<\/div>\n\t\t\t\t<\/div>\n\t\t\t\t\t<\/div>\n\t\t<\/div>\n\t\t\t\t\t<\/div>\n\t\t<\/section>\n\t\t\t\t<section class=\"elementor-section elementor-top-section elementor-element elementor-element-597ae75 elementor-section-boxed elementor-section-height-default elementor-section-height-default\" data-id=\"597ae75\" data-element_type=\"section\">\n\t\t\t\t\t\t<div class=\"elementor-container elementor-column-gap-default\">\n\t\t\t\t\t<div class=\"elementor-column elementor-col-100 elementor-top-column elementor-element elementor-element-b8229d9\" data-id=\"b8229d9\" data-element_type=\"column\">\n\t\t\t<div class=\"elementor-widget-wrap elementor-element-populated\">\n\t\t\t\t\t\t<div class=\"elementor-element elementor-element-38fa536 elementor-widget elementor-widget-heading\" data-id=\"38fa536\" data-element_type=\"widget\" data-widget_type=\"heading.default\">\n\t\t\t\t<div class=\"elementor-widget-container\">\n\t\t\t<h2 class=\"elementor-heading-title elementor-size-default\">En qu\u00e9 consiste la Psicoterapia<\/h2>\t\t<\/div>\n\t\t\t\t<\/div>\n\t\t\t\t<div class=\"elementor-element elementor-element-724e81c elementor-widget elementor-widget-text-editor\" data-id=\"724e81c\" data-element_type=\"widget\" data-widget_type=\"text-editor.default\">\n\t\t\t\t<div class=\"elementor-widget-container\">\n\t\t\t\t\t\t\t<p>Una terapia es un proceso que se desarrolla en el marco de un espacio seguro para<strong>\u00a0explorar, experimentar y crecer<\/strong>,\u00a0<strong>tomando conciencia y<\/strong>\u00a0<strong>abandonando conductas que en alg\u00fan momento dejaron ser funcionales y comenzaron a generar malestar<\/strong>.<\/p><p>Suele ser un proceso en ciertos momentos doloroso, pero liberador y enfocado al\u00a0<strong>autoconocimiento<\/strong>\u00a0de manera que se acepte lo inmodificable y se generen nuevos patrones que posibiliten un bienestar integral en la persona<\/p><p>Nuestra forma de entender la psicoterapia parte de un\u00a0<strong>enfoque integrador<\/strong>\u00a0<strong>de los principales paradigmas de intervenci\u00f3n psicol\u00f3gica.<\/strong><\/p><p>En nuestra manera de entender el trabajo y el mundo integramos la\u00a0<strong>perspectiva de g\u00e9nero.<\/strong><\/p>\t\t\t\t\t\t<\/div>\n\t\t\t\t<\/div>\n\t\t\t\t\t<\/div>\n\t\t<\/div>\n\t\t\t\t\t<\/div>\n\t\t<\/section>\n\t\t\t\t<section class=\"elementor-section elementor-top-section elementor-element elementor-element-18cd10d elementor-section-boxed elementor-section-height-default elementor-section-height-default\" data-id=\"18cd10d\" data-element_type=\"section\">\n\t\t\t\t\t\t<div class=\"elementor-container elementor-column-gap-default\">\n\t\t\t\t\t<div class=\"elementor-column elementor-col-50 elementor-top-column elementor-element elementor-element-e5fd991\" data-id=\"e5fd991\" data-element_type=\"column\">\n\t\t\t<div class=\"elementor-widget-wrap elementor-element-populated\">\n\t\t\t\t\t\t<div class=\"elementor-element elementor-element-e2355cb elementor-widget elementor-widget-heading\" data-id=\"e2355cb\" data-element_type=\"widget\" data-widget_type=\"heading.default\">\n\t\t\t\t<div class=\"elementor-widget-container\">\n\t\t\t<h3 class=\"elementor-heading-title elementor-size-default\">La psicoterapia consiste en:<\/h3>\t\t<\/div>\n\t\t\t\t<\/div>\n\t\t\t\t<div class=\"elementor-element elementor-element-b0b8f6e elementor-widget elementor-widget-text-editor\" data-id=\"b0b8f6e\" data-element_type=\"widget\" data-widget_type=\"text-editor.default\">\n\t\t\t\t<div class=\"elementor-widget-container\">\n\t\t\t\t\t\t\t<ul><li>Proporcionar un lugar seguro desde el que reflexionar sobre la experiencia personal.<\/li><li>Identificar y sustituir patrones conductuales que generan malestar, reconociendo el valor funcional que pudieron desempe\u00f1ar en el momento de su adquisici\u00f3n.<\/li><li>Fomentar h\u00e1bitos saludables.<\/li><li>Facilitar la comprensi\u00f3n hol\u00edstica de la persona.<\/li><li>Promover la motivaci\u00f3n y el cambio.<\/li><li>Comprender y ayudar en el proceso de regulaci\u00f3n emocional.<\/li><\/ul>\t\t\t\t\t\t<\/div>\n\t\t\t\t<\/div>\n\t\t\t\t\t<\/div>\n\t\t<\/div>\n\t\t\t\t<div class=\"elementor-column elementor-col-50 elementor-top-column elementor-element elementor-element-3f14885\" data-id=\"3f14885\" data-element_type=\"column\">\n\t\t\t<div class=\"elementor-widget-wrap elementor-element-populated\">\n\t\t\t\t\t\t<div class=\"elementor-element elementor-element-a5f0291 elementor-widget elementor-widget-heading\" data-id=\"a5f0291\" data-element_type=\"widget\" data-widget_type=\"heading.default\">\n\t\t\t\t<div class=\"elementor-widget-container\">\n\t\t\t<h3 class=\"elementor-heading-title elementor-size-default\">Lo que no forma parte de nuestra manera de entender la psicoterapia es:<\/h3>\t\t<\/div>\n\t\t\t\t<\/div>\n\t\t\t\t<div class=\"elementor-element elementor-element-9bc316f elementor-widget elementor-widget-text-editor\" data-id=\"9bc316f\" data-element_type=\"widget\" data-widget_type=\"text-editor.default\">\n\t\t\t\t<div class=\"elementor-widget-container\">\n\t\t\t\t\t\t\t<ul><li>La resoluci\u00f3n de problemas unilateralmente, trabajamos para encontrar soluciones de manera conjunta.<\/li><li>El enjuiciamiento a la persona ni a su conducta. Aceptaci\u00f3n incondicional.<\/li><li>La toma de decisiones en lugar de la persona. Cada cual asume las obligaciones de su propia vida y su cuidado.<\/li><li>El consejo sobre qu\u00e9 hacer. La persona valora sus alternativas y decide qu\u00e9 hacer.<\/li><\/ul>\t\t\t\t\t\t<\/div>\n\t\t\t\t<\/div>\n\t\t\t\t\t<\/div>\n\t\t<\/div>\n\t\t\t\t\t<\/div>\n\t\t<\/section>\n\t\t\t\t<section class=\"elementor-section elementor-top-section elementor-element elementor-element-339f34b elementor-section-boxed elementor-section-height-default elementor-section-height-default\" data-id=\"339f34b\" data-element_type=\"section\">\n\t\t\t\t\t\t<div class=\"elementor-container elementor-column-gap-default\">\n\t\t\t\t\t<div class=\"elementor-column elementor-col-100 elementor-top-column elementor-element elementor-element-3eaddfe\" data-id=\"3eaddfe\" data-element_type=\"column\">\n\t\t\t<div class=\"elementor-widget-wrap elementor-element-populated\">\n\t\t\t\t\t\t<div class=\"elementor-element elementor-element-8d2ea86 elementor-widget elementor-widget-heading\" data-id=\"8d2ea86\" data-element_type=\"widget\" data-widget_type=\"heading.default\">\n\t\t\t\t<div class=\"elementor-widget-container\">\n\t\t\t<h2 class=\"elementor-heading-title elementor-size-default\">Cu\u00e1ndo acudir a Terapia<\/h2>\t\t<\/div>\n\t\t\t\t<\/div>\n\t\t\t\t<div class=\"elementor-element elementor-element-bed4179 elementor-widget elementor-widget-text-editor\" data-id=\"bed4179\" data-element_type=\"widget\" data-widget_type=\"text-editor.default\">\n\t\t\t\t<div class=\"elementor-widget-container\">\n\t\t\t\t\t\t\t<p>No siempre puede hallarse un detonante claro de una situaci\u00f3n de malestar psicol\u00f3gico. En ocasiones incluso, la persona que atraviesa dicha situaci\u00f3n tiene dificultades para explicarse qu\u00e9 le sucede, aunque es consciente de que algo no marcha bien.<\/p><p>El mejor criterio para saber si se debe solicitar ayuda profesional es la presencia de un malestar m\u00e1s intenso o m\u00e1s duradero de lo habitual junto con la dificultad para manejarlo por uno mismo.<\/p><p>En algunos casos, es el entorno de la persona quien padece este malestar, y no tanto la propia afectada, que puede que en ese momento no cuente con capacidad o recursos para identificar qu\u00e9 le est\u00e1 sucediendo (por ej. En casos de consumo de sustancias es muy habitual que la persona que sufre la adicci\u00f3n no sea capaz de reconocer su problem\u00e1tica).<\/p><p>Si tienes dudas acerca de si puedes estar atravesando por una situaci\u00f3n de estas caracter\u00edsticas o de que lo pueda estar haciendo alg\u00fan ser querido, puedes contactar con nosotras y trataremos de orientarte.<\/p>\t\t\t\t\t\t<\/div>\n\t\t\t\t<\/div>\n\t\t\t\t<div class=\"elementor-element elementor-element-0667840 elementor-widget elementor-widget-heading\" data-id=\"0667840\" data-element_type=\"widget\" data-widget_type=\"heading.default\">\n\t\t\t\t<div class=\"elementor-widget-container\">\n\t\t\t<h2 class=\"elementor-heading-title elementor-size-default\">Trabajamos<\/h2>\t\t<\/div>\n\t\t\t\t<\/div>\n\t\t\t\t<div class=\"elementor-element elementor-element-5909cc7 elementor-widget elementor-widget-text-editor\" data-id=\"5909cc7\" data-element_type=\"widget\" data-widget_type=\"text-editor.default\">\n\t\t\t\t<div class=\"elementor-widget-container\">\n\t\t\t\t\t\t\t<ul><li>Ansiedad y alteraciones del estado de \u00e1nimo: Estr\u00e9s, fobias, malestar, insatisfacci\u00f3n, tristeza, duelo, problemas de adaptaci\u00f3n\u2026<\/li><li>Trauma, apego y disociaci\u00f3n<\/li><li>Autoestima, inseguridad<\/li><li>Conductas adictivas: Adicci\u00f3n a sustancias (coca\u00edna, alcohol, THC\u2026), juego patol\u00f3gico, trastornos de la conducta alimentaria, dependencia emocional, obsesiones y compulsiones, etc.<\/li><li>Problemas relacionados con dolor.<\/li><li>Problemas de pareja: crisis, deterioro, celos, superaci\u00f3n de rupturas.<\/li><li>Familia: hijos\/as, ciclos vitales\u2026<\/li><li>Cuestiones espec\u00edficas de mujer, g\u00e9nero y violencia<\/li><li>Sexualidad<\/li><\/ul>\t\t\t\t\t\t<\/div>\n\t\t\t\t<\/div>\n\t\t\t\t\t<\/div>\n\t\t<\/div>\n\t\t\t\t\t<\/div>\n\t\t<\/section>\n\t\t\t\t<\/div>\n\t\t","protected":false},"excerpt":{"rendered":"<p>Psicoterapia en Madrid centro En qu\u00e9 consiste la Psicoterapia Una terapia es un proceso que se desarrolla en el marco de un espacio seguro para\u00a0explorar, experimentar y crecer,\u00a0tomando conciencia y\u00a0abandonando conductas que en alg\u00fan momento dejaron ser funcionales y comenzaron a generar malestar. Suele ser un proceso en ciertos momentos doloroso, pero liberador y enfocado [&hellip;]<\/p>\n","protected":false},"author":1,"featured_media":0,"parent":0,"menu_order":0,"comment_status":"closed","ping_status":"closed","template":"","meta":{"_monsterinsights_skip_tracking":false,"_monsterinsights_sitenote_active":false,"_monsterinsights_sitenote_note":"","_monsterinsights_sitenote_category":0,"site-sidebar-layout":"no-sidebar","site-content-layout":"","ast-site-content-layout":"full-width-container","site-content-style":"default","site-sidebar-style":"default","ast-global-header-display":"","ast-banner-title-visibility":"","ast-main-header-display":"","ast-hfb-above-header-display":"","ast-hfb-below-header-display":"","ast-hfb-mobile-header-display":"","site-post-title":"disabled","ast-breadcrumbs-content":"","ast-featured-img":"disabled","footer-sml-layout":"","theme-transparent-header-meta":"","adv-header-id-meta":"","stick-header-meta":"","header-above-stick-meta":"","header-main-stick-meta":"","header-below-stick-meta":"","astra-migrate-meta-layouts":"default","ast-page-background-enabled":"default","ast-page-background-meta":{"desktop":{"background-color":"var(--ast-global-color-4)","background-image":"","background-repeat":"repeat","background-position":"center center","background-size":"auto","background-attachment":"scroll","background-type":"","background-media":"","overlay-type":"","overlay-color":"","overlay-opacity":"","overlay-gradient":""},"tablet":{"background-color":"","background-image":"","background-repeat":"repeat","background-position":"center center","background-size":"auto","background-attachment":"scroll","background-type":"","background-media":"","overlay-type":"","overlay-color":"","overlay-opacity":"","overlay-gradient":""},"mobile":{"background-color":"","background-image":"","background-repeat":"repeat","background-position":"center center","background-size":"auto","background-attachment":"scroll","background-type":"","background-media":"","overlay-type":"","overlay-color":"","overlay-opacity":"","overlay-gradient":""}},"ast-content-background-meta":{"desktop":{"background-color":"var(--ast-global-color-5)","background-image":"","background-repeat":"repeat","background-position":"center center","background-size":"auto","background-attachment":"scroll","background-type":"","background-media":"","overlay-type":"","overlay-color":"","overlay-opacity":"","overlay-gradient":""},"tablet":{"background-color":"var(--ast-global-color-5)","background-image":"","background-repeat":"repeat","background-position":"center center","background-size":"auto","background-attachment":"scroll","background-type":"","background-media":"","overlay-type":"","overlay-color":"","overlay-opacity":"","overlay-gradient":""},"mobile":{"background-color":"var(--ast-global-color-5)","background-image":"","background-repeat":"repeat","background-position":"center center","background-size":"auto","background-attachment":"scroll","background-type":"","background-media":"","overlay-type":"","overlay-color":"","overlay-opacity":"","overlay-gradient":""}},"footnotes":""},"class_list":["post-55922","page","type-page","status-publish","hentry"],"yoast_head":"<!-- This site is optimized with the Yoast SEO plugin v25.4 - https:\/\/yoast.com\/wordpress\/plugins\/seo\/ -->\n<title>Psicoterapia en Madrid centro - Gabinete de Acci\u00f3n Psicol\u00f3gica<\/title>\n<meta name=\"description\" content=\"Psicoterapia en Madrid centro con perspectiva integradora. Profesionales con m\u00e1s de 20 a\u00f1os de experiencia en formaci\u00f3n constante.\" \/>\n<meta name=\"robots\" content=\"index, follow, max-snippet:-1, max-image-preview:large, max-video-preview:-1\" \/>\n<link rel=\"canonical\" href=\"https:\/\/psicoterapia-gap.net\/blog\/psicoterapia-madrid\/\" \/>\n<meta property=\"og:locale\" content=\"es_ES\" \/>\n<meta property=\"og:type\" content=\"article\" \/>\n<meta property=\"og:title\" content=\"Psicoterapia en Madrid centro - Gabinete de Acci\u00f3n Psicol\u00f3gica\" \/>\n<meta property=\"og:description\" content=\"Psicoterapia en Madrid centro con perspectiva integradora. Profesionales con m\u00e1s de 20 a\u00f1os de experiencia en formaci\u00f3n constante.\" \/>\n<meta property=\"og:url\" content=\"https:\/\/psicoterapia-gap.net\/blog\/psicoterapia-madrid\/\" \/>\n<meta property=\"og:site_name\" content=\"Gabinete de Acci\u00f3n Psicol\u00f3gica\" \/>\n<meta property=\"article:modified_time\" content=\"2024-08-15T16:03:56+00:00\" \/>\n<meta property=\"og:image\" content=\"https:\/\/psicoterapia-gap.net\/blog\/wp-content\/uploads\/2018\/12\/DONT-DISTURB-GAP.jpg\" \/>\n<meta name=\"twitter:card\" content=\"summary_large_image\" \/>\n<meta name=\"twitter:label1\" content=\"Tiempo de lectura\" \/>\n\t<meta name=\"twitter:data1\" content=\"3 minutos\" \/>\n<script type=\"application\/ld+json\" class=\"yoast-schema-graph\">{\"@context\":\"https:\/\/schema.org\",\"@graph\":[{\"@type\":\"WebPage\",\"@id\":\"https:\/\/psicoterapia-gap.net\/blog\/psicoterapia-madrid\/\",\"url\":\"https:\/\/psicoterapia-gap.net\/blog\/psicoterapia-madrid\/\",\"name\":\"Psicoterapia en Madrid centro - Gabinete de Acci\u00f3n Psicol\u00f3gica\",\"isPartOf\":{\"@id\":\"https:\/\/psicoterapia-gap.net\/blog\/#website\"},\"primaryImageOfPage\":{\"@id\":\"https:\/\/psicoterapia-gap.net\/blog\/psicoterapia-madrid\/#primaryimage\"},\"image\":{\"@id\":\"https:\/\/psicoterapia-gap.net\/blog\/psicoterapia-madrid\/#primaryimage\"},\"thumbnailUrl\":\"https:\/\/psicoterapia-gap.net\/blog\/wp-content\/uploads\/2018\/12\/DONT-DISTURB-GAP.jpg\",\"datePublished\":\"2024-03-29T16:03:17+00:00\",\"dateModified\":\"2024-08-15T16:03:56+00:00\",\"description\":\"Psicoterapia en Madrid centro con perspectiva integradora. Profesionales con m\u00e1s de 20 a\u00f1os de experiencia en formaci\u00f3n constante.\",\"breadcrumb\":{\"@id\":\"https:\/\/psicoterapia-gap.net\/blog\/psicoterapia-madrid\/#breadcrumb\"},\"inLanguage\":\"es\",\"potentialAction\":[{\"@type\":\"ReadAction\",\"target\":[\"https:\/\/psicoterapia-gap.net\/blog\/psicoterapia-madrid\/\"]}]},{\"@type\":\"ImageObject\",\"inLanguage\":\"es\",\"@id\":\"https:\/\/psicoterapia-gap.net\/blog\/psicoterapia-madrid\/#primaryimage\",\"url\":\"https:\/\/psicoterapia-gap.net\/blog\/wp-content\/uploads\/2018\/12\/DONT-DISTURB-GAP.jpg\",\"contentUrl\":\"https:\/\/psicoterapia-gap.net\/blog\/wp-content\/uploads\/2018\/12\/DONT-DISTURB-GAP.jpg\",\"width\":1500,\"height\":1000,\"caption\":\"Intervenci\u00f3n psicol\u00f3gica en el centro de Madrid\"},{\"@type\":\"BreadcrumbList\",\"@id\":\"https:\/\/psicoterapia-gap.net\/blog\/psicoterapia-madrid\/#breadcrumb\",\"itemListElement\":[{\"@type\":\"ListItem\",\"position\":1,\"name\":\"Portada\",\"item\":\"https:\/\/psicoterapia-gap.net\/blog\/\"},{\"@type\":\"ListItem\",\"position\":2,\"name\":\"Psicoterapia\"}]},{\"@type\":\"WebSite\",\"@id\":\"https:\/\/psicoterapia-gap.net\/blog\/#website\",\"url\":\"https:\/\/psicoterapia-gap.net\/blog\/\",\"name\":\"Gabinete de Acci\u00f3n Psicol\u00f3gica\",\"description\":\"Psicolog\u00eda Madrid centro\",\"publisher\":{\"@id\":\"https:\/\/psicoterapia-gap.net\/blog\/#organization\"},\"alternateName\":\"GAP Psicolog\u00eda\",\"potentialAction\":[{\"@type\":\"SearchAction\",\"target\":{\"@type\":\"EntryPoint\",\"urlTemplate\":\"https:\/\/psicoterapia-gap.net\/blog\/?s={search_term_string}\"},\"query-input\":{\"@type\":\"PropertyValueSpecification\",\"valueRequired\":true,\"valueName\":\"search_term_string\"}}],\"inLanguage\":\"es\"},{\"@type\":\"Organization\",\"@id\":\"https:\/\/psicoterapia-gap.net\/blog\/#organization\",\"name\":\"Gabinete de Acci\u00f3n Psicol\u00f3gica\",\"url\":\"https:\/\/psicoterapia-gap.net\/blog\/\",\"logo\":{\"@type\":\"ImageObject\",\"inLanguage\":\"es\",\"@id\":\"https:\/\/psicoterapia-gap.net\/blog\/#\/schema\/logo\/image\/\",\"url\":\"https:\/\/psicoterapia-gap.net\/blog\/wp-content\/uploads\/2017\/08\/logo-151.png\",\"contentUrl\":\"https:\/\/psicoterapia-gap.net\/blog\/wp-content\/uploads\/2017\/08\/logo-151.png\",\"width\":164,\"height\":33,\"caption\":\"Gabinete de Acci\u00f3n Psicol\u00f3gica\"},\"image\":{\"@id\":\"https:\/\/psicoterapia-gap.net\/blog\/#\/schema\/logo\/image\/\"},\"sameAs\":[\"https:\/\/www.instagram.com\/gappsicologia\/\"]}]}<\/script>\n<!-- \/ Yoast SEO plugin. -->","yoast_head_json":{"title":"Psicoterapia en Madrid centro - Gabinete de Acci\u00f3n Psicol\u00f3gica","description":"Psicoterapia en Madrid centro con perspectiva integradora. Profesionales con m\u00e1s de 20 a\u00f1os de experiencia en formaci\u00f3n constante.","robots":{"index":"index","follow":"follow","max-snippet":"max-snippet:-1","max-image-preview":"max-image-preview:large","max-video-preview":"max-video-preview:-1"},"canonical":"https:\/\/psicoterapia-gap.net\/blog\/psicoterapia-madrid\/","og_locale":"es_ES","og_type":"article","og_title":"Psicoterapia en Madrid centro - Gabinete de Acci\u00f3n Psicol\u00f3gica","og_description":"Psicoterapia en Madrid centro con perspectiva integradora. Profesionales con m\u00e1s de 20 a\u00f1os de experiencia en formaci\u00f3n constante.","og_url":"https:\/\/psicoterapia-gap.net\/blog\/psicoterapia-madrid\/","og_site_name":"Gabinete de Acci\u00f3n Psicol\u00f3gica","article_modified_time":"2024-08-15T16:03:56+00:00","og_image":[{"url":"https:\/\/psicoterapia-gap.net\/blog\/wp-content\/uploads\/2018\/12\/DONT-DISTURB-GAP.jpg","type":"","width":"","height":""}],"twitter_card":"summary_large_image","twitter_misc":{"Tiempo de lectura":"3 minutos"},"schema":{"@context":"https:\/\/schema.org","@graph":[{"@type":"WebPage","@id":"https:\/\/psicoterapia-gap.net\/blog\/psicoterapia-madrid\/","url":"https:\/\/psicoterapia-gap.net\/blog\/psicoterapia-madrid\/","name":"Psicoterapia en Madrid centro - Gabinete de Acci\u00f3n Psicol\u00f3gica","isPartOf":{"@id":"https:\/\/psicoterapia-gap.net\/blog\/#website"},"primaryImageOfPage":{"@id":"https:\/\/psicoterapia-gap.net\/blog\/psicoterapia-madrid\/#primaryimage"},"image":{"@id":"https:\/\/psicoterapia-gap.net\/blog\/psicoterapia-madrid\/#primaryimage"},"thumbnailUrl":"https:\/\/psicoterapia-gap.net\/blog\/wp-content\/uploads\/2018\/12\/DONT-DISTURB-GAP.jpg","datePublished":"2024-03-29T16:03:17+00:00","dateModified":"2024-08-15T16:03:56+00:00","description":"Psicoterapia en Madrid centro con perspectiva integradora. Profesionales con m\u00e1s de 20 a\u00f1os de experiencia en formaci\u00f3n constante.","breadcrumb":{"@id":"https:\/\/psicoterapia-gap.net\/blog\/psicoterapia-madrid\/#breadcrumb"},"inLanguage":"es","potentialAction":[{"@type":"ReadAction","target":["https:\/\/psicoterapia-gap.net\/blog\/psicoterapia-madrid\/"]}]},{"@type":"ImageObject","inLanguage":"es","@id":"https:\/\/psicoterapia-gap.net\/blog\/psicoterapia-madrid\/#primaryimage","url":"https:\/\/psicoterapia-gap.net\/blog\/wp-content\/uploads\/2018\/12\/DONT-DISTURB-GAP.jpg","contentUrl":"https:\/\/psicoterapia-gap.net\/blog\/wp-content\/uploads\/2018\/12\/DONT-DISTURB-GAP.jpg","width":1500,"height":1000,"caption":"Intervenci\u00f3n psicol\u00f3gica en el centro de Madrid"},{"@type":"BreadcrumbList","@id":"https:\/\/psicoterapia-gap.net\/blog\/psicoterapia-madrid\/#breadcrumb","itemListElement":[{"@type":"ListItem","position":1,"name":"Portada","item":"https:\/\/psicoterapia-gap.net\/blog\/"},{"@type":"ListItem","position":2,"name":"Psicoterapia"}]},{"@type":"WebSite","@id":"https:\/\/psicoterapia-gap.net\/blog\/#website","url":"https:\/\/psicoterapia-gap.net\/blog\/","name":"Gabinete de Acci\u00f3n Psicol\u00f3gica","description":"Psicolog\u00eda Madrid centro","publisher":{"@id":"https:\/\/psicoterapia-gap.net\/blog\/#organization"},"alternateName":"GAP Psicolog\u00eda","potentialAction":[{"@type":"SearchAction","target":{"@type":"EntryPoint","urlTemplate":"https:\/\/psicoterapia-gap.net\/blog\/?s={search_term_string}"},"query-input":{"@type":"PropertyValueSpecification","valueRequired":true,"valueName":"search_term_string"}}],"inLanguage":"es"},{"@type":"Organization","@id":"https:\/\/psicoterapia-gap.net\/blog\/#organization","name":"Gabinete de Acci\u00f3n Psicol\u00f3gica","url":"https:\/\/psicoterapia-gap.net\/blog\/","logo":{"@type":"ImageObject","inLanguage":"es","@id":"https:\/\/psicoterapia-gap.net\/blog\/#\/schema\/logo\/image\/","url":"https:\/\/psicoterapia-gap.net\/blog\/wp-content\/uploads\/2017\/08\/logo-151.png","contentUrl":"https:\/\/psicoterapia-gap.net\/blog\/wp-content\/uploads\/2017\/08\/logo-151.png","width":164,"height":33,"caption":"Gabinete de Acci\u00f3n Psicol\u00f3gica"},"image":{"@id":"https:\/\/psicoterapia-gap.net\/blog\/#\/schema\/logo\/image\/"},"sameAs":["https:\/\/www.instagram.com\/gappsicologia\/"]}]}},"_links":{"self":[{"href":"https:\/\/psicoterapia-gap.net\/blog\/wp-json\/wp\/v2\/pages\/55922","targetHints":{"allow":["GET"]}}],"collection":[{"href":"https:\/\/psicoterapia-gap.net\/blog\/wp-json\/wp\/v2\/pages"}],"about":[{"href":"https:\/\/psicoterapia-gap.net\/blog\/wp-json\/wp\/v2\/types\/page"}],"author":[{"embeddable":true,"href":"https:\/\/psicoterapia-gap.net\/blog\/wp-json\/wp\/v2\/users\/1"}],"replies":[{"embeddable":true,"href":"https:\/\/psicoterapia-gap.net\/blog\/wp-json\/wp\/v2\/comments?post=55922"}],"version-history":[{"count":14,"href":"https:\/\/psicoterapia-gap.net\/blog\/wp-json\/wp\/v2\/pages\/55922\/revisions"}],"predecessor-version":[{"id":56327,"href":"https:\/\/psicoterapia-gap.net\/blog\/wp-json\/wp\/v2\/pages\/55922\/revisions\/56327"}],"wp:attachment":[{"href":"https:\/\/psicoterapia-gap.net\/blog\/wp-json\/wp\/v2\/media?parent=55922"}],"curies":[{"name":"wp","href":"https:\/\/api.w.org\/{rel}","templated":true}]}}