{"id":55853,"date":"2024-03-29T13:20:18","date_gmt":"2024-03-29T12:20:18","guid":{"rendered":"https:\/\/psicoterapia-gap.net\/blog\/?page_id=55853"},"modified":"2024-04-03T14:42:19","modified_gmt":"2024-04-03T13:42:19","slug":"tarifas-psicoterapia","status":"publish","type":"page","link":"https:\/\/psicoterapia-gap.net\/blog\/tarifas-psicoterapia\/","title":{"rendered":"Tarifas"},"content":{"rendered":"\t\t<div data-elementor-type=\"wp-page\" data-elementor-id=\"55853\" class=\"elementor elementor-55853\">\n\t\t\t\t\t\t<section class=\"elementor-section elementor-top-section elementor-element elementor-element-a54b97d elementor-section-boxed elementor-section-height-default elementor-section-height-default\" data-id=\"a54b97d\" data-element_type=\"section\">\n\t\t\t\t\t\t<div class=\"elementor-container elementor-column-gap-default\">\n\t\t\t\t\t<div class=\"elementor-column elementor-col-100 elementor-top-column elementor-element elementor-element-e9dd123\" data-id=\"e9dd123\" data-element_type=\"column\">\n\t\t\t<div class=\"elementor-widget-wrap elementor-element-populated\">\n\t\t\t\t\t\t<div class=\"elementor-element elementor-element-49b08fe elementor-widget elementor-widget-heading\" data-id=\"49b08fe\" data-element_type=\"widget\" data-widget_type=\"heading.default\">\n\t\t\t\t<div class=\"elementor-widget-container\">\n\t\t\t<h1 class=\"elementor-heading-title elementor-size-default\">Tarifas<\/h1>\t\t<\/div>\n\t\t\t\t<\/div>\n\t\t\t\t\t<\/div>\n\t\t<\/div>\n\t\t\t\t\t<\/div>\n\t\t<\/section>\n\t\t\t\t<section class=\"elementor-section elementor-top-section elementor-element elementor-element-8ae7088 elementor-section-boxed elementor-section-height-default elementor-section-height-default\" data-id=\"8ae7088\" data-element_type=\"section\">\n\t\t\t\t\t\t<div class=\"elementor-container elementor-column-gap-default\">\n\t\t\t\t\t<div class=\"elementor-column elementor-col-16 elementor-top-column elementor-element elementor-element-bc437ae\" data-id=\"bc437ae\" data-element_type=\"column\">\n\t\t\t<div class=\"elementor-widget-wrap\">\n\t\t\t\t\t\t\t<\/div>\n\t\t<\/div>\n\t\t\t\t<div class=\"elementor-column elementor-col-66 elementor-top-column elementor-element elementor-element-44486ba\" data-id=\"44486ba\" data-element_type=\"column\">\n\t\t\t<div class=\"elementor-widget-wrap elementor-element-populated\">\n\t\t\t\t\t\t<div class=\"elementor-element elementor-element-52df96f elementor-widget elementor-widget-text-editor\" data-id=\"52df96f\" data-element_type=\"widget\" data-widget_type=\"text-editor.default\">\n\t\t\t\t<div class=\"elementor-widget-container\">\n\t\t\t\t\t\t\t<p style=\"text-align: center;\">Precio por sesi\u00f3n de psicoterapia de una hora de duraci\u00f3n. Precios actualizados a 2024.<\/p><p style=\"text-align: center;\">Para situaciones especiales <strong><a href=\"https:\/\/psicoterapia-gap.net\/blog\/contacto\/\">contactar<\/a><\/strong>.<\/p>\t\t\t\t\t\t<\/div>\n\t\t\t\t<\/div>\n\t\t\t\t\t<\/div>\n\t\t<\/div>\n\t\t\t\t<div class=\"elementor-column elementor-col-16 elementor-top-column elementor-element elementor-element-ae3ab55\" data-id=\"ae3ab55\" data-element_type=\"column\">\n\t\t\t<div class=\"elementor-widget-wrap\">\n\t\t\t\t\t\t\t<\/div>\n\t\t<\/div>\n\t\t\t\t\t<\/div>\n\t\t<\/section>\n\t\t\t\t<section class=\"elementor-section elementor-top-section elementor-element elementor-element-96d6c82 elementor-section-boxed elementor-section-height-default elementor-section-height-default\" data-id=\"96d6c82\" data-element_type=\"section\">\n\t\t\t\t\t\t<div class=\"elementor-container elementor-column-gap-default\">\n\t\t\t\t\t<div class=\"elementor-column elementor-col-25 elementor-top-column elementor-element elementor-element-6242300\" data-id=\"6242300\" data-element_type=\"column\">\n\t\t\t<div class=\"elementor-widget-wrap\">\n\t\t\t\t\t\t\t<\/div>\n\t\t<\/div>\n\t\t\t\t<div class=\"elementor-column elementor-col-25 elementor-top-column elementor-element elementor-element-a587995\" data-id=\"a587995\" data-element_type=\"column\">\n\t\t\t<div class=\"elementor-widget-wrap elementor-element-populated\">\n\t\t\t\t\t\t<div class=\"elementor-element elementor-element-aad062a elementor-widget elementor-widget-heading\" data-id=\"aad062a\" data-element_type=\"widget\" data-widget_type=\"heading.default\">\n\t\t\t\t<div class=\"elementor-widget-container\">\n\t\t\t<h2 class=\"elementor-heading-title elementor-size-default\">Individual<\/h2>\t\t<\/div>\n\t\t\t\t<\/div>\n\t\t\t\t<div class=\"elementor-element elementor-element-7cbac19 elementor-view-default elementor-widget elementor-widget-icon\" data-id=\"7cbac19\" data-element_type=\"widget\" data-widget_type=\"icon.default\">\n\t\t\t\t<div class=\"elementor-widget-container\">\n\t\t\t\t\t<div class=\"elementor-icon-wrapper\">\n\t\t\t<div class=\"elementor-icon\">\n\t\t\t<i aria-hidden=\"true\" class=\"fas fa-user-friends\"><\/i>\t\t\t<\/div>\n\t\t<\/div>\n\t\t\t\t<\/div>\n\t\t\t\t<\/div>\n\t\t\t\t<div class=\"elementor-element elementor-element-29bc58f elementor-widget elementor-widget-text-editor\" data-id=\"29bc58f\" data-element_type=\"widget\" data-widget_type=\"text-editor.default\">\n\t\t\t\t<div class=\"elementor-widget-container\">\n\t\t\t\t\t\t\t<p style=\"text-align: center;\"><strong>70,00 \u20ac<\/strong><\/p>\t\t\t\t\t\t<\/div>\n\t\t\t\t<\/div>\n\t\t\t\t\t<\/div>\n\t\t<\/div>\n\t\t\t\t<div class=\"elementor-column elementor-col-25 elementor-top-column elementor-element elementor-element-3abd552\" data-id=\"3abd552\" data-element_type=\"column\">\n\t\t\t<div class=\"elementor-widget-wrap elementor-element-populated\">\n\t\t\t\t\t\t<div class=\"elementor-element elementor-element-301d84e elementor-widget elementor-widget-heading\" data-id=\"301d84e\" data-element_type=\"widget\" data-widget_type=\"heading.default\">\n\t\t\t\t<div class=\"elementor-widget-container\">\n\t\t\t<h2 class=\"elementor-heading-title elementor-size-default\">Pareja o familia<\/h2>\t\t<\/div>\n\t\t\t\t<\/div>\n\t\t\t\t<div class=\"elementor-element elementor-element-76bc348 elementor-view-default elementor-widget elementor-widget-icon\" data-id=\"76bc348\" data-element_type=\"widget\" data-widget_type=\"icon.default\">\n\t\t\t\t<div class=\"elementor-widget-container\">\n\t\t\t\t\t<div class=\"elementor-icon-wrapper\">\n\t\t\t<div class=\"elementor-icon\">\n\t\t\t<i aria-hidden=\"true\" class=\"fas fa-users\"><\/i>\t\t\t<\/div>\n\t\t<\/div>\n\t\t\t\t<\/div>\n\t\t\t\t<\/div>\n\t\t\t\t<div class=\"elementor-element elementor-element-6b4523c elementor-widget elementor-widget-text-editor\" data-id=\"6b4523c\" data-element_type=\"widget\" data-widget_type=\"text-editor.default\">\n\t\t\t\t<div class=\"elementor-widget-container\">\n\t\t\t\t\t\t\t<p style=\"text-align: center;\"><strong>90,00 \u20ac<\/strong><\/p>\t\t\t\t\t\t<\/div>\n\t\t\t\t<\/div>\n\t\t\t\t\t<\/div>\n\t\t<\/div>\n\t\t\t\t<div class=\"elementor-column elementor-col-25 elementor-top-column elementor-element elementor-element-7486faf\" data-id=\"7486faf\" data-element_type=\"column\">\n\t\t\t<div class=\"elementor-widget-wrap\">\n\t\t\t\t\t\t\t<\/div>\n\t\t<\/div>\n\t\t\t\t\t<\/div>\n\t\t<\/section>\n\t\t\t\t<\/div>\n\t\t","protected":false},"excerpt":{"rendered":"<p>Tarifas Precio por sesi\u00f3n de psicoterapia de una hora de duraci\u00f3n. Precios actualizados a 2024. Para situaciones especiales contactar. Individual 70,00 \u20ac Pareja o familia 90,00 \u20ac<\/p>\n","protected":false},"author":1,"featured_media":0,"parent":0,"menu_order":0,"comment_status":"closed","ping_status":"closed","template":"","meta":{"_monsterinsights_skip_tracking":false,"_monsterinsights_sitenote_active":false,"_monsterinsights_sitenote_note":"","_monsterinsights_sitenote_category":0,"site-sidebar-layout":"no-sidebar","site-content-layout":"","ast-site-content-layout":"full-width-container","site-content-style":"default","site-sidebar-style":"default","ast-global-header-display":"","ast-banner-title-visibility":"","ast-main-header-display":"","ast-hfb-above-header-display":"","ast-hfb-below-header-display":"","ast-hfb-mobile-header-display":"","site-post-title":"disabled","ast-breadcrumbs-content":"","ast-featured-img":"disabled","footer-sml-layout":"","theme-transparent-header-meta":"","adv-header-id-meta":"","stick-header-meta":"","header-above-stick-meta":"","header-main-stick-meta":"","header-below-stick-meta":"","astra-migrate-meta-layouts":"default","ast-page-background-enabled":"default","ast-page-background-meta":{"desktop":{"background-color":"var(--ast-global-color-4)","background-image":"","background-repeat":"repeat","background-position":"center center","background-size":"auto","background-attachment":"scroll","background-type":"","background-media":"","overlay-type":"","overlay-color":"","overlay-opacity":"","overlay-gradient":""},"tablet":{"background-color":"","background-image":"","background-repeat":"repeat","background-position":"center center","background-size":"auto","background-attachment":"scroll","background-type":"","background-media":"","overlay-type":"","overlay-color":"","overlay-opacity":"","overlay-gradient":""},"mobile":{"background-color":"","background-image":"","background-repeat":"repeat","background-position":"center center","background-size":"auto","background-attachment":"scroll","background-type":"","background-media":"","overlay-type":"","overlay-color":"","overlay-opacity":"","overlay-gradient":""}},"ast-content-background-meta":{"desktop":{"background-color":"var(--ast-global-color-5)","background-image":"","background-repeat":"repeat","background-position":"center center","background-size":"auto","background-attachment":"scroll","background-type":"","background-media":"","overlay-type":"","overlay-color":"","overlay-opacity":"","overlay-gradient":""},"tablet":{"background-color":"var(--ast-global-color-5)","background-image":"","background-repeat":"repeat","background-position":"center center","background-size":"auto","background-attachment":"scroll","background-type":"","background-media":"","overlay-type":"","overlay-color":"","overlay-opacity":"","overlay-gradient":""},"mobile":{"background-color":"var(--ast-global-color-5)","background-image":"","background-repeat":"repeat","background-position":"center center","background-size":"auto","background-attachment":"scroll","background-type":"","background-media":"","overlay-type":"","overlay-color":"","overlay-opacity":"","overlay-gradient":""}},"footnotes":""},"class_list":["post-55853","page","type-page","status-publish","hentry"],"yoast_head":"<!-- This site is optimized with the Yoast SEO plugin v25.4 - https:\/\/yoast.com\/wordpress\/plugins\/seo\/ -->\n<title>Tarifas - Gabinete de Acci\u00f3n Psicol\u00f3gica<\/title>\n<meta name=\"description\" content=\"Precios por sesi\u00f3n de psicoterapia individual y familiar o de pareja de una hora de duraci\u00f3n. Precios psic\u00f3logos Madrid centro.\" \/>\n<meta name=\"robots\" content=\"index, follow, max-snippet:-1, max-image-preview:large, max-video-preview:-1\" \/>\n<link rel=\"canonical\" href=\"https:\/\/psicoterapia-gap.net\/blog\/tarifas-psicoterapia\/\" \/>\n<meta property=\"og:locale\" content=\"es_ES\" \/>\n<meta property=\"og:type\" content=\"article\" \/>\n<meta property=\"og:title\" content=\"Tarifas - Gabinete de Acci\u00f3n Psicol\u00f3gica\" \/>\n<meta property=\"og:description\" content=\"Precios por sesi\u00f3n de psicoterapia individual y familiar o de pareja de una hora de duraci\u00f3n. Precios psic\u00f3logos Madrid centro.\" \/>\n<meta property=\"og:url\" content=\"https:\/\/psicoterapia-gap.net\/blog\/tarifas-psicoterapia\/\" \/>\n<meta property=\"og:site_name\" content=\"Gabinete de Acci\u00f3n Psicol\u00f3gica\" \/>\n<meta property=\"article:modified_time\" content=\"2024-04-03T13:42:19+00:00\" \/>\n<meta name=\"twitter:card\" content=\"summary_large_image\" \/>\n<meta name=\"twitter:label1\" content=\"Tiempo de lectura\" \/>\n\t<meta name=\"twitter:data1\" content=\"1 minuto\" \/>\n<script type=\"application\/ld+json\" class=\"yoast-schema-graph\">{\"@context\":\"https:\/\/schema.org\",\"@graph\":[{\"@type\":\"WebPage\",\"@id\":\"https:\/\/psicoterapia-gap.net\/blog\/tarifas-psicoterapia\/\",\"url\":\"https:\/\/psicoterapia-gap.net\/blog\/tarifas-psicoterapia\/\",\"name\":\"Tarifas - Gabinete de Acci\u00f3n Psicol\u00f3gica\",\"isPartOf\":{\"@id\":\"https:\/\/psicoterapia-gap.net\/blog\/#website\"},\"datePublished\":\"2024-03-29T12:20:18+00:00\",\"dateModified\":\"2024-04-03T13:42:19+00:00\",\"description\":\"Precios por sesi\u00f3n de psicoterapia individual y familiar o de pareja de una hora de duraci\u00f3n. Precios psic\u00f3logos Madrid centro.\",\"breadcrumb\":{\"@id\":\"https:\/\/psicoterapia-gap.net\/blog\/tarifas-psicoterapia\/#breadcrumb\"},\"inLanguage\":\"es\",\"potentialAction\":[{\"@type\":\"ReadAction\",\"target\":[\"https:\/\/psicoterapia-gap.net\/blog\/tarifas-psicoterapia\/\"]}]},{\"@type\":\"BreadcrumbList\",\"@id\":\"https:\/\/psicoterapia-gap.net\/blog\/tarifas-psicoterapia\/#breadcrumb\",\"itemListElement\":[{\"@type\":\"ListItem\",\"position\":1,\"name\":\"Portada\",\"item\":\"https:\/\/psicoterapia-gap.net\/blog\/\"},{\"@type\":\"ListItem\",\"position\":2,\"name\":\"Tarifas\"}]},{\"@type\":\"WebSite\",\"@id\":\"https:\/\/psicoterapia-gap.net\/blog\/#website\",\"url\":\"https:\/\/psicoterapia-gap.net\/blog\/\",\"name\":\"Gabinete de Acci\u00f3n Psicol\u00f3gica\",\"description\":\"Psicolog\u00eda Madrid centro\",\"publisher\":{\"@id\":\"https:\/\/psicoterapia-gap.net\/blog\/#organization\"},\"alternateName\":\"GAP Psicolog\u00eda\",\"potentialAction\":[{\"@type\":\"SearchAction\",\"target\":{\"@type\":\"EntryPoint\",\"urlTemplate\":\"https:\/\/psicoterapia-gap.net\/blog\/?s={search_term_string}\"},\"query-input\":{\"@type\":\"PropertyValueSpecification\",\"valueRequired\":true,\"valueName\":\"search_term_string\"}}],\"inLanguage\":\"es\"},{\"@type\":\"Organization\",\"@id\":\"https:\/\/psicoterapia-gap.net\/blog\/#organization\",\"name\":\"Gabinete de Acci\u00f3n Psicol\u00f3gica\",\"url\":\"https:\/\/psicoterapia-gap.net\/blog\/\",\"logo\":{\"@type\":\"ImageObject\",\"inLanguage\":\"es\",\"@id\":\"https:\/\/psicoterapia-gap.net\/blog\/#\/schema\/logo\/image\/\",\"url\":\"https:\/\/psicoterapia-gap.net\/blog\/wp-content\/uploads\/2017\/08\/logo-151.png\",\"contentUrl\":\"https:\/\/psicoterapia-gap.net\/blog\/wp-content\/uploads\/2017\/08\/logo-151.png\",\"width\":164,\"height\":33,\"caption\":\"Gabinete de Acci\u00f3n Psicol\u00f3gica\"},\"image\":{\"@id\":\"https:\/\/psicoterapia-gap.net\/blog\/#\/schema\/logo\/image\/\"},\"sameAs\":[\"https:\/\/www.instagram.com\/gappsicologia\/\"]}]}<\/script>\n<!-- \/ Yoast SEO plugin. -->","yoast_head_json":{"title":"Tarifas - Gabinete de Acci\u00f3n Psicol\u00f3gica","description":"Precios por sesi\u00f3n de psicoterapia individual y familiar o de pareja de una hora de duraci\u00f3n. Precios psic\u00f3logos Madrid centro.","robots":{"index":"index","follow":"follow","max-snippet":"max-snippet:-1","max-image-preview":"max-image-preview:large","max-video-preview":"max-video-preview:-1"},"canonical":"https:\/\/psicoterapia-gap.net\/blog\/tarifas-psicoterapia\/","og_locale":"es_ES","og_type":"article","og_title":"Tarifas - Gabinete de Acci\u00f3n Psicol\u00f3gica","og_description":"Precios por sesi\u00f3n de psicoterapia individual y familiar o de pareja de una hora de duraci\u00f3n. Precios psic\u00f3logos Madrid centro.","og_url":"https:\/\/psicoterapia-gap.net\/blog\/tarifas-psicoterapia\/","og_site_name":"Gabinete de Acci\u00f3n Psicol\u00f3gica","article_modified_time":"2024-04-03T13:42:19+00:00","twitter_card":"summary_large_image","twitter_misc":{"Tiempo de lectura":"1 minuto"},"schema":{"@context":"https:\/\/schema.org","@graph":[{"@type":"WebPage","@id":"https:\/\/psicoterapia-gap.net\/blog\/tarifas-psicoterapia\/","url":"https:\/\/psicoterapia-gap.net\/blog\/tarifas-psicoterapia\/","name":"Tarifas - Gabinete de Acci\u00f3n Psicol\u00f3gica","isPartOf":{"@id":"https:\/\/psicoterapia-gap.net\/blog\/#website"},"datePublished":"2024-03-29T12:20:18+00:00","dateModified":"2024-04-03T13:42:19+00:00","description":"Precios por sesi\u00f3n de psicoterapia individual y familiar o de pareja de una hora de duraci\u00f3n. Precios psic\u00f3logos Madrid centro.","breadcrumb":{"@id":"https:\/\/psicoterapia-gap.net\/blog\/tarifas-psicoterapia\/#breadcrumb"},"inLanguage":"es","potentialAction":[{"@type":"ReadAction","target":["https:\/\/psicoterapia-gap.net\/blog\/tarifas-psicoterapia\/"]}]},{"@type":"BreadcrumbList","@id":"https:\/\/psicoterapia-gap.net\/blog\/tarifas-psicoterapia\/#breadcrumb","itemListElement":[{"@type":"ListItem","position":1,"name":"Portada","item":"https:\/\/psicoterapia-gap.net\/blog\/"},{"@type":"ListItem","position":2,"name":"Tarifas"}]},{"@type":"WebSite","@id":"https:\/\/psicoterapia-gap.net\/blog\/#website","url":"https:\/\/psicoterapia-gap.net\/blog\/","name":"Gabinete de Acci\u00f3n Psicol\u00f3gica","description":"Psicolog\u00eda Madrid centro","publisher":{"@id":"https:\/\/psicoterapia-gap.net\/blog\/#organization"},"alternateName":"GAP Psicolog\u00eda","potentialAction":[{"@type":"SearchAction","target":{"@type":"EntryPoint","urlTemplate":"https:\/\/psicoterapia-gap.net\/blog\/?s={search_term_string}"},"query-input":{"@type":"PropertyValueSpecification","valueRequired":true,"valueName":"search_term_string"}}],"inLanguage":"es"},{"@type":"Organization","@id":"https:\/\/psicoterapia-gap.net\/blog\/#organization","name":"Gabinete de Acci\u00f3n Psicol\u00f3gica","url":"https:\/\/psicoterapia-gap.net\/blog\/","logo":{"@type":"ImageObject","inLanguage":"es","@id":"https:\/\/psicoterapia-gap.net\/blog\/#\/schema\/logo\/image\/","url":"https:\/\/psicoterapia-gap.net\/blog\/wp-content\/uploads\/2017\/08\/logo-151.png","contentUrl":"https:\/\/psicoterapia-gap.net\/blog\/wp-content\/uploads\/2017\/08\/logo-151.png","width":164,"height":33,"caption":"Gabinete de Acci\u00f3n Psicol\u00f3gica"},"image":{"@id":"https:\/\/psicoterapia-gap.net\/blog\/#\/schema\/logo\/image\/"},"sameAs":["https:\/\/www.instagram.com\/gappsicologia\/"]}]}},"_links":{"self":[{"href":"https:\/\/psicoterapia-gap.net\/blog\/wp-json\/wp\/v2\/pages\/55853","targetHints":{"allow":["GET"]}}],"collection":[{"href":"https:\/\/psicoterapia-gap.net\/blog\/wp-json\/wp\/v2\/pages"}],"about":[{"href":"https:\/\/psicoterapia-gap.net\/blog\/wp-json\/wp\/v2\/types\/page"}],"author":[{"embeddable":true,"href":"https:\/\/psicoterapia-gap.net\/blog\/wp-json\/wp\/v2\/users\/1"}],"replies":[{"embeddable":true,"href":"https:\/\/psicoterapia-gap.net\/blog\/wp-json\/wp\/v2\/comments?post=55853"}],"version-history":[{"count":15,"href":"https:\/\/psicoterapia-gap.net\/blog\/wp-json\/wp\/v2\/pages\/55853\/revisions"}],"predecessor-version":[{"id":56289,"href":"https:\/\/psicoterapia-gap.net\/blog\/wp-json\/wp\/v2\/pages\/55853\/revisions\/56289"}],"wp:attachment":[{"href":"https:\/\/psicoterapia-gap.net\/blog\/wp-json\/wp\/v2\/media?parent=55853"}],"curies":[{"name":"wp","href":"https:\/\/api.w.org\/{rel}","templated":true}]}}