{"id":55840,"date":"2024-03-29T12:54:39","date_gmt":"2024-03-29T11:54:39","guid":{"rendered":"https:\/\/psicoterapia-gap.net\/blog\/?page_id=55840"},"modified":"2024-05-06T09:46:53","modified_gmt":"2024-05-06T08:46:53","slug":"patricia-ortega","status":"publish","type":"page","link":"https:\/\/psicoterapia-gap.net\/blog\/patricia-ortega\/","title":{"rendered":"Patricia Ortega"},"content":{"rendered":"\t\t<div data-elementor-type=\"wp-page\" data-elementor-id=\"55840\" class=\"elementor elementor-55840\">\n\t\t\t\t\t\t<section class=\"elementor-section elementor-top-section elementor-element elementor-element-9054e8e elementor-section-boxed elementor-section-height-default elementor-section-height-default\" data-id=\"9054e8e\" data-element_type=\"section\">\n\t\t\t\t\t\t<div class=\"elementor-container elementor-column-gap-default\">\n\t\t\t\t\t<div class=\"elementor-column elementor-col-100 elementor-top-column elementor-element elementor-element-6e3a83b\" data-id=\"6e3a83b\" data-element_type=\"column\">\n\t\t\t<div class=\"elementor-widget-wrap elementor-element-populated\">\n\t\t\t\t\t\t<div class=\"elementor-element elementor-element-c4a68d8 elementor-widget elementor-widget-heading\" data-id=\"c4a68d8\" data-element_type=\"widget\" data-widget_type=\"heading.default\">\n\t\t\t\t<div class=\"elementor-widget-container\">\n\t\t\t<h2 class=\"elementor-heading-title elementor-size-default\">Patricia Ortega<\/h2>\t\t<\/div>\n\t\t\t\t<\/div>\n\t\t\t\t\t<\/div>\n\t\t<\/div>\n\t\t\t\t\t<\/div>\n\t\t<\/section>\n\t\t\t\t<section class=\"elementor-section elementor-top-section elementor-element elementor-element-8cf0e57 elementor-section-boxed elementor-section-height-default elementor-section-height-default\" data-id=\"8cf0e57\" data-element_type=\"section\">\n\t\t\t\t\t\t<div class=\"elementor-container elementor-column-gap-default\">\n\t\t\t\t\t<div class=\"elementor-column elementor-col-50 elementor-top-column elementor-element elementor-element-eae56d9\" data-id=\"eae56d9\" data-element_type=\"column\">\n\t\t\t<div class=\"elementor-widget-wrap elementor-element-populated\">\n\t\t\t\t\t\t<div class=\"elementor-element elementor-element-da2150d elementor-widget elementor-widget-image\" data-id=\"da2150d\" data-element_type=\"widget\" data-widget_type=\"image.default\">\n\t\t\t\t<div class=\"elementor-widget-container\">\n\t\t\t\t\t\t\t\t\t\t\t\t\t<img fetchpriority=\"high\" decoding=\"async\" width=\"300\" height=\"300\" src=\"https:\/\/psicoterapia-gap.net\/blog\/wp-content\/uploads\/2017\/10\/gap-retratos-02-300x300.png\" class=\"attachment-medium size-medium wp-image-55577\" alt=\"\" srcset=\"https:\/\/psicoterapia-gap.net\/blog\/wp-content\/uploads\/2017\/10\/gap-retratos-02-300x300.png 300w, https:\/\/psicoterapia-gap.net\/blog\/wp-content\/uploads\/2017\/10\/gap-retratos-02-150x150.png 150w, https:\/\/psicoterapia-gap.net\/blog\/wp-content\/uploads\/2017\/10\/gap-retratos-02-768x768.png 768w, https:\/\/psicoterapia-gap.net\/blog\/wp-content\/uploads\/2017\/10\/gap-retratos-02-1024x1024.png 1024w, https:\/\/psicoterapia-gap.net\/blog\/wp-content\/uploads\/2017\/10\/gap-retratos-02-100x100.png 100w, https:\/\/psicoterapia-gap.net\/blog\/wp-content\/uploads\/2017\/10\/gap-retratos-02-600x600.png 600w, https:\/\/psicoterapia-gap.net\/blog\/wp-content\/uploads\/2017\/10\/gap-retratos-02.png 1241w\" sizes=\"(max-width: 300px) 100vw, 300px\" \/>\t\t\t\t\t\t\t\t\t\t\t\t\t<\/div>\n\t\t\t\t<\/div>\n\t\t\t\t<section class=\"elementor-section elementor-inner-section elementor-element elementor-element-cfb47c0 elementor-section-boxed elementor-section-height-default elementor-section-height-default\" data-id=\"cfb47c0\" data-element_type=\"section\">\n\t\t\t\t\t\t<div class=\"elementor-container elementor-column-gap-default\">\n\t\t\t\t\t<div class=\"elementor-column elementor-col-100 elementor-inner-column elementor-element elementor-element-ac8bf61\" data-id=\"ac8bf61\" data-element_type=\"column\">\n\t\t\t<div class=\"elementor-widget-wrap elementor-element-populated\">\n\t\t\t\t\t\t<div class=\"elementor-element elementor-element-0a3c1ce elementor-widget elementor-widget-text-editor\" data-id=\"0a3c1ce\" data-element_type=\"widget\" data-widget_type=\"text-editor.default\">\n\t\t\t\t<div class=\"elementor-widget-container\">\n\t\t\t\t\t\t\t<p style=\"text-align: center;\"><strong>Psic\u00f3loga Sanitaria colegiada n\u00ba M-21.906<\/strong><\/p><p style=\"text-align: center;\">Amplia experiencia profesional en dispositivos p\u00fablicos relacionados con adicciones, violencia de g\u00e9nero, formaci\u00f3n en contextos no formales, tutora de pr\u00e1cticas para Universidades y M\u00e1sters y en atenci\u00f3n privada como Psic\u00f3loga Sanitaria.\u00a0<\/p>\t\t\t\t\t\t<\/div>\n\t\t\t\t<\/div>\n\t\t\t\t\t<\/div>\n\t\t<\/div>\n\t\t\t\t\t<\/div>\n\t\t<\/section>\n\t\t\t\t\t<\/div>\n\t\t<\/div>\n\t\t\t\t<div class=\"elementor-column elementor-col-50 elementor-top-column elementor-element elementor-element-33cfdba8\" data-id=\"33cfdba8\" data-element_type=\"column\">\n\t\t\t<div class=\"elementor-widget-wrap elementor-element-populated\">\n\t\t\t\t\t\t<div class=\"elementor-element elementor-element-838c6ac elementor-widget elementor-widget-heading\" data-id=\"838c6ac\" data-element_type=\"widget\" data-widget_type=\"heading.default\">\n\t\t\t\t<div class=\"elementor-widget-container\">\n\t\t\t<h2 class=\"elementor-heading-title elementor-size-default\">Formaci\u00f3n<\/h2>\t\t<\/div>\n\t\t\t\t<\/div>\n\t\t\t\t<div class=\"elementor-element elementor-element-544eed5f elementor-widget elementor-widget-text-editor\" data-id=\"544eed5f\" data-element_type=\"widget\" data-widget_type=\"text-editor.default\">\n\t\t\t\t<div class=\"elementor-widget-container\">\n\t\t\t\t\t\t\t<ul><li><strong>Licenciada en Psicolog\u00eda<\/strong>\u00a0(Universidad de Granada)<\/li><li><strong>Experta en Terapia de Pareja<\/strong>\u00a0(Colegio Oficial de Psic\u00f3logos de Madrid)<\/li><li><strong>Experta en Psicoterapia Breve<\/strong>\u00a0(Sociedad\u00a0Espa\u00f1ola de Medicina Psicosom\u00e1tica y Psicolog\u00eda M\u00e9dica)<\/li><li><strong>Especialista en Adicciones<\/strong>\u00a0(Universidad Complutense de Madrid)<\/li><li><strong>Diplomada en Violencia de G\u00e9nero<\/strong>\u00a0(Universidad Complutense)<\/li><li><strong>M\u00e1ster en Intervenci\u00f3n y Tratamiento de la Ansiedad y Estr\u00e9s<\/strong>\u00a0(Universidad Complutense)<\/li><li><strong>Nivel I EMDR<\/strong> (Asociaci\u00f3n EMDR-Espa\u00f1a)<\/li><\/ul>\t\t\t\t\t\t<\/div>\n\t\t\t\t<\/div>\n\t\t\t\t<div class=\"elementor-element elementor-element-29cd52e elementor-widget elementor-widget-heading\" data-id=\"29cd52e\" data-element_type=\"widget\" data-widget_type=\"heading.default\">\n\t\t\t\t<div class=\"elementor-widget-container\">\n\t\t\t<h2 class=\"elementor-heading-title elementor-size-default\">Otra informaci\u00f3n<\/h2>\t\t<\/div>\n\t\t\t\t<\/div>\n\t\t\t\t<div class=\"elementor-element elementor-element-e599503 elementor-widget elementor-widget-text-editor\" data-id=\"e599503\" data-element_type=\"widget\" data-widget_type=\"text-editor.default\">\n\t\t\t\t<div class=\"elementor-widget-container\">\n\t\t\t\t\t\t\t<ul><li>Habilitada como\u00a0<strong>Psic\u00f3loga Sanitaria<\/strong>\u00a0por la Consejer\u00eda de Sanidad de la Comunidad de Madrid<\/li><li>Miembro de la secci\u00f3n de\u00a0<strong>Psicolog\u00eda Cl\u00ednica y de la Salud<\/strong>\u00a0del Colegio Oficial de Psic\u00f3logos de Madrid<\/li><li>Miembro de la Divisi\u00f3n de\u00a0<strong>Psicolog\u00eda Cl\u00ednica y de la Salud<\/strong>\u00a0y de la Divisi\u00f3n de\u00a0<strong>Psicoterapia<\/strong>\u00a0del Consejo General de la Psicolog\u00eda<\/li><\/ul>\t\t\t\t\t\t<\/div>\n\t\t\t\t<\/div>\n\t\t\t\t\t<\/div>\n\t\t<\/div>\n\t\t\t\t\t<\/div>\n\t\t<\/section>\n\t\t\t\t<section class=\"elementor-section elementor-top-section elementor-element elementor-element-57dd3205 elementor-section-boxed elementor-section-height-default elementor-section-height-default\" data-id=\"57dd3205\" data-element_type=\"section\">\n\t\t\t\t\t\t<div class=\"elementor-container elementor-column-gap-default\">\n\t\t\t\t\t<div class=\"elementor-column elementor-col-100 elementor-top-column elementor-element elementor-element-7c4c7da\" data-id=\"7c4c7da\" data-element_type=\"column\">\n\t\t\t<div class=\"elementor-widget-wrap\">\n\t\t\t\t\t\t\t<\/div>\n\t\t<\/div>\n\t\t\t\t\t<\/div>\n\t\t<\/section>\n\t\t\t\t<\/div>\n\t\t","protected":false},"excerpt":{"rendered":"<p>Patricia Ortega Psic\u00f3loga Sanitaria colegiada n\u00ba M-21.906 Amplia experiencia profesional en dispositivos p\u00fablicos relacionados con adicciones, violencia de g\u00e9nero, formaci\u00f3n en contextos no formales, tutora de pr\u00e1cticas para Universidades y M\u00e1sters y en atenci\u00f3n privada como Psic\u00f3loga Sanitaria.\u00a0 Formaci\u00f3n Licenciada en Psicolog\u00eda\u00a0(Universidad de Granada) Experta en Terapia de Pareja\u00a0(Colegio Oficial de Psic\u00f3logos de Madrid) Experta [&hellip;]<\/p>\n","protected":false},"author":1,"featured_media":0,"parent":0,"menu_order":0,"comment_status":"closed","ping_status":"closed","template":"","meta":{"_monsterinsights_skip_tracking":false,"_monsterinsights_sitenote_active":false,"_monsterinsights_sitenote_note":"","_monsterinsights_sitenote_category":0,"site-sidebar-layout":"no-sidebar","site-content-layout":"plain-container","ast-site-content-layout":"","site-content-style":"default","site-sidebar-style":"default","ast-global-header-display":"","ast-banner-title-visibility":"","ast-main-header-display":"","ast-hfb-above-header-display":"","ast-hfb-below-header-display":"","ast-hfb-mobile-header-display":"","site-post-title":"disabled","ast-breadcrumbs-content":"","ast-featured-img":"disabled","footer-sml-layout":"","theme-transparent-header-meta":"","adv-header-id-meta":"","stick-header-meta":"","header-above-stick-meta":"","header-main-stick-meta":"","header-below-stick-meta":"","astra-migrate-meta-layouts":"default","ast-page-background-enabled":"default","ast-page-background-meta":{"desktop":{"background-color":"var(--ast-global-color-4)","background-image":"","background-repeat":"repeat","background-position":"center center","background-size":"auto","background-attachment":"scroll","background-type":"","background-media":"","overlay-type":"","overlay-color":"","overlay-opacity":"","overlay-gradient":""},"tablet":{"background-color":"","background-image":"","background-repeat":"repeat","background-position":"center center","background-size":"auto","background-attachment":"scroll","background-type":"","background-media":"","overlay-type":"","overlay-color":"","overlay-opacity":"","overlay-gradient":""},"mobile":{"background-color":"","background-image":"","background-repeat":"repeat","background-position":"center center","background-size":"auto","background-attachment":"scroll","background-type":"","background-media":"","overlay-type":"","overlay-color":"","overlay-opacity":"","overlay-gradient":""}},"ast-content-background-meta":{"desktop":{"background-color":"var(--ast-global-color-5)","background-image":"","background-repeat":"repeat","background-position":"center center","background-size":"auto","background-attachment":"scroll","background-type":"","background-media":"","overlay-type":"","overlay-color":"","overlay-opacity":"","overlay-gradient":""},"tablet":{"background-color":"var(--ast-global-color-5)","background-image":"","background-repeat":"repeat","background-position":"center center","background-size":"auto","background-attachment":"scroll","background-type":"","background-media":"","overlay-type":"","overlay-color":"","overlay-opacity":"","overlay-gradient":""},"mobile":{"background-color":"var(--ast-global-color-5)","background-image":"","background-repeat":"repeat","background-position":"center center","background-size":"auto","background-attachment":"scroll","background-type":"","background-media":"","overlay-type":"","overlay-color":"","overlay-opacity":"","overlay-gradient":""}},"footnotes":""},"class_list":["post-55840","page","type-page","status-publish","hentry"],"yoast_head":"<!-- This site is optimized with the Yoast SEO plugin v25.4 - https:\/\/yoast.com\/wordpress\/plugins\/seo\/ -->\n<title>Patricia Ortega - Gabinete de Acci\u00f3n Psicol\u00f3gica<\/title>\n<meta name=\"description\" content=\"Patricia Ortega. Psic\u00f3loga sanitaria en el centro de Madrid. EMDR. Ansiedad, estado de \u00e1nimo, trauma y apego.\" \/>\n<meta name=\"robots\" content=\"index, follow, max-snippet:-1, max-image-preview:large, max-video-preview:-1\" \/>\n<link rel=\"canonical\" href=\"https:\/\/psicoterapia-gap.net\/blog\/patricia-ortega\/\" \/>\n<meta property=\"og:locale\" content=\"es_ES\" \/>\n<meta property=\"og:type\" content=\"article\" \/>\n<meta property=\"og:title\" content=\"Patricia Ortega - Gabinete de Acci\u00f3n Psicol\u00f3gica\" \/>\n<meta property=\"og:description\" content=\"Patricia Ortega. Psic\u00f3loga sanitaria en el centro de Madrid. EMDR. Ansiedad, estado de \u00e1nimo, trauma y apego.\" \/>\n<meta property=\"og:url\" content=\"https:\/\/psicoterapia-gap.net\/blog\/patricia-ortega\/\" \/>\n<meta property=\"og:site_name\" content=\"Gabinete de Acci\u00f3n Psicol\u00f3gica\" \/>\n<meta property=\"article:modified_time\" content=\"2024-05-06T08:46:53+00:00\" \/>\n<meta property=\"og:image\" content=\"https:\/\/psicoterapia-gap.net\/blog\/wp-content\/uploads\/2017\/10\/gap-retratos-02-300x300.png\" \/>\n<meta name=\"twitter:card\" content=\"summary_large_image\" \/>\n<meta name=\"twitter:label1\" content=\"Tiempo de lectura\" \/>\n\t<meta name=\"twitter:data1\" content=\"1 minuto\" \/>\n<script type=\"application\/ld+json\" class=\"yoast-schema-graph\">{\"@context\":\"https:\/\/schema.org\",\"@graph\":[{\"@type\":\"WebPage\",\"@id\":\"https:\/\/psicoterapia-gap.net\/blog\/patricia-ortega\/\",\"url\":\"https:\/\/psicoterapia-gap.net\/blog\/patricia-ortega\/\",\"name\":\"Patricia Ortega - Gabinete de Acci\u00f3n Psicol\u00f3gica\",\"isPartOf\":{\"@id\":\"https:\/\/psicoterapia-gap.net\/blog\/#website\"},\"primaryImageOfPage\":{\"@id\":\"https:\/\/psicoterapia-gap.net\/blog\/patricia-ortega\/#primaryimage\"},\"image\":{\"@id\":\"https:\/\/psicoterapia-gap.net\/blog\/patricia-ortega\/#primaryimage\"},\"thumbnailUrl\":\"https:\/\/psicoterapia-gap.net\/blog\/wp-content\/uploads\/2017\/10\/gap-retratos-02-300x300.png\",\"datePublished\":\"2024-03-29T11:54:39+00:00\",\"dateModified\":\"2024-05-06T08:46:53+00:00\",\"description\":\"Patricia Ortega. Psic\u00f3loga sanitaria en el centro de Madrid. EMDR. Ansiedad, estado de \u00e1nimo, trauma y apego.\",\"breadcrumb\":{\"@id\":\"https:\/\/psicoterapia-gap.net\/blog\/patricia-ortega\/#breadcrumb\"},\"inLanguage\":\"es\",\"potentialAction\":[{\"@type\":\"ReadAction\",\"target\":[\"https:\/\/psicoterapia-gap.net\/blog\/patricia-ortega\/\"]}]},{\"@type\":\"ImageObject\",\"inLanguage\":\"es\",\"@id\":\"https:\/\/psicoterapia-gap.net\/blog\/patricia-ortega\/#primaryimage\",\"url\":\"https:\/\/psicoterapia-gap.net\/blog\/wp-content\/uploads\/2017\/10\/gap-retratos-02.png\",\"contentUrl\":\"https:\/\/psicoterapia-gap.net\/blog\/wp-content\/uploads\/2017\/10\/gap-retratos-02.png\",\"width\":1241,\"height\":1241},{\"@type\":\"BreadcrumbList\",\"@id\":\"https:\/\/psicoterapia-gap.net\/blog\/patricia-ortega\/#breadcrumb\",\"itemListElement\":[{\"@type\":\"ListItem\",\"position\":1,\"name\":\"Portada\",\"item\":\"https:\/\/psicoterapia-gap.net\/blog\/\"},{\"@type\":\"ListItem\",\"position\":2,\"name\":\"Patricia Ortega\"}]},{\"@type\":\"WebSite\",\"@id\":\"https:\/\/psicoterapia-gap.net\/blog\/#website\",\"url\":\"https:\/\/psicoterapia-gap.net\/blog\/\",\"name\":\"Gabinete de Acci\u00f3n Psicol\u00f3gica\",\"description\":\"Psicolog\u00eda Madrid centro\",\"publisher\":{\"@id\":\"https:\/\/psicoterapia-gap.net\/blog\/#organization\"},\"alternateName\":\"GAP Psicolog\u00eda\",\"potentialAction\":[{\"@type\":\"SearchAction\",\"target\":{\"@type\":\"EntryPoint\",\"urlTemplate\":\"https:\/\/psicoterapia-gap.net\/blog\/?s={search_term_string}\"},\"query-input\":{\"@type\":\"PropertyValueSpecification\",\"valueRequired\":true,\"valueName\":\"search_term_string\"}}],\"inLanguage\":\"es\"},{\"@type\":\"Organization\",\"@id\":\"https:\/\/psicoterapia-gap.net\/blog\/#organization\",\"name\":\"Gabinete de Acci\u00f3n Psicol\u00f3gica\",\"url\":\"https:\/\/psicoterapia-gap.net\/blog\/\",\"logo\":{\"@type\":\"ImageObject\",\"inLanguage\":\"es\",\"@id\":\"https:\/\/psicoterapia-gap.net\/blog\/#\/schema\/logo\/image\/\",\"url\":\"https:\/\/psicoterapia-gap.net\/blog\/wp-content\/uploads\/2017\/08\/logo-151.png\",\"contentUrl\":\"https:\/\/psicoterapia-gap.net\/blog\/wp-content\/uploads\/2017\/08\/logo-151.png\",\"width\":164,\"height\":33,\"caption\":\"Gabinete de Acci\u00f3n Psicol\u00f3gica\"},\"image\":{\"@id\":\"https:\/\/psicoterapia-gap.net\/blog\/#\/schema\/logo\/image\/\"},\"sameAs\":[\"https:\/\/www.instagram.com\/gappsicologia\/\"]}]}<\/script>\n<!-- \/ Yoast SEO plugin. -->","yoast_head_json":{"title":"Patricia Ortega - Gabinete de Acci\u00f3n Psicol\u00f3gica","description":"Patricia Ortega. Psic\u00f3loga sanitaria en el centro de Madrid. EMDR. Ansiedad, estado de \u00e1nimo, trauma y apego.","robots":{"index":"index","follow":"follow","max-snippet":"max-snippet:-1","max-image-preview":"max-image-preview:large","max-video-preview":"max-video-preview:-1"},"canonical":"https:\/\/psicoterapia-gap.net\/blog\/patricia-ortega\/","og_locale":"es_ES","og_type":"article","og_title":"Patricia Ortega - Gabinete de Acci\u00f3n Psicol\u00f3gica","og_description":"Patricia Ortega. Psic\u00f3loga sanitaria en el centro de Madrid. EMDR. Ansiedad, estado de \u00e1nimo, trauma y apego.","og_url":"https:\/\/psicoterapia-gap.net\/blog\/patricia-ortega\/","og_site_name":"Gabinete de Acci\u00f3n Psicol\u00f3gica","article_modified_time":"2024-05-06T08:46:53+00:00","og_image":[{"url":"https:\/\/psicoterapia-gap.net\/blog\/wp-content\/uploads\/2017\/10\/gap-retratos-02-300x300.png","type":"","width":"","height":""}],"twitter_card":"summary_large_image","twitter_misc":{"Tiempo de lectura":"1 minuto"},"schema":{"@context":"https:\/\/schema.org","@graph":[{"@type":"WebPage","@id":"https:\/\/psicoterapia-gap.net\/blog\/patricia-ortega\/","url":"https:\/\/psicoterapia-gap.net\/blog\/patricia-ortega\/","name":"Patricia Ortega - Gabinete de Acci\u00f3n Psicol\u00f3gica","isPartOf":{"@id":"https:\/\/psicoterapia-gap.net\/blog\/#website"},"primaryImageOfPage":{"@id":"https:\/\/psicoterapia-gap.net\/blog\/patricia-ortega\/#primaryimage"},"image":{"@id":"https:\/\/psicoterapia-gap.net\/blog\/patricia-ortega\/#primaryimage"},"thumbnailUrl":"https:\/\/psicoterapia-gap.net\/blog\/wp-content\/uploads\/2017\/10\/gap-retratos-02-300x300.png","datePublished":"2024-03-29T11:54:39+00:00","dateModified":"2024-05-06T08:46:53+00:00","description":"Patricia Ortega. Psic\u00f3loga sanitaria en el centro de Madrid. EMDR. Ansiedad, estado de \u00e1nimo, trauma y apego.","breadcrumb":{"@id":"https:\/\/psicoterapia-gap.net\/blog\/patricia-ortega\/#breadcrumb"},"inLanguage":"es","potentialAction":[{"@type":"ReadAction","target":["https:\/\/psicoterapia-gap.net\/blog\/patricia-ortega\/"]}]},{"@type":"ImageObject","inLanguage":"es","@id":"https:\/\/psicoterapia-gap.net\/blog\/patricia-ortega\/#primaryimage","url":"https:\/\/psicoterapia-gap.net\/blog\/wp-content\/uploads\/2017\/10\/gap-retratos-02.png","contentUrl":"https:\/\/psicoterapia-gap.net\/blog\/wp-content\/uploads\/2017\/10\/gap-retratos-02.png","width":1241,"height":1241},{"@type":"BreadcrumbList","@id":"https:\/\/psicoterapia-gap.net\/blog\/patricia-ortega\/#breadcrumb","itemListElement":[{"@type":"ListItem","position":1,"name":"Portada","item":"https:\/\/psicoterapia-gap.net\/blog\/"},{"@type":"ListItem","position":2,"name":"Patricia Ortega"}]},{"@type":"WebSite","@id":"https:\/\/psicoterapia-gap.net\/blog\/#website","url":"https:\/\/psicoterapia-gap.net\/blog\/","name":"Gabinete de Acci\u00f3n Psicol\u00f3gica","description":"Psicolog\u00eda Madrid centro","publisher":{"@id":"https:\/\/psicoterapia-gap.net\/blog\/#organization"},"alternateName":"GAP Psicolog\u00eda","potentialAction":[{"@type":"SearchAction","target":{"@type":"EntryPoint","urlTemplate":"https:\/\/psicoterapia-gap.net\/blog\/?s={search_term_string}"},"query-input":{"@type":"PropertyValueSpecification","valueRequired":true,"valueName":"search_term_string"}}],"inLanguage":"es"},{"@type":"Organization","@id":"https:\/\/psicoterapia-gap.net\/blog\/#organization","name":"Gabinete de Acci\u00f3n Psicol\u00f3gica","url":"https:\/\/psicoterapia-gap.net\/blog\/","logo":{"@type":"ImageObject","inLanguage":"es","@id":"https:\/\/psicoterapia-gap.net\/blog\/#\/schema\/logo\/image\/","url":"https:\/\/psicoterapia-gap.net\/blog\/wp-content\/uploads\/2017\/08\/logo-151.png","contentUrl":"https:\/\/psicoterapia-gap.net\/blog\/wp-content\/uploads\/2017\/08\/logo-151.png","width":164,"height":33,"caption":"Gabinete de Acci\u00f3n Psicol\u00f3gica"},"image":{"@id":"https:\/\/psicoterapia-gap.net\/blog\/#\/schema\/logo\/image\/"},"sameAs":["https:\/\/www.instagram.com\/gappsicologia\/"]}]}},"_links":{"self":[{"href":"https:\/\/psicoterapia-gap.net\/blog\/wp-json\/wp\/v2\/pages\/55840","targetHints":{"allow":["GET"]}}],"collection":[{"href":"https:\/\/psicoterapia-gap.net\/blog\/wp-json\/wp\/v2\/pages"}],"about":[{"href":"https:\/\/psicoterapia-gap.net\/blog\/wp-json\/wp\/v2\/types\/page"}],"author":[{"embeddable":true,"href":"https:\/\/psicoterapia-gap.net\/blog\/wp-json\/wp\/v2\/users\/1"}],"replies":[{"embeddable":true,"href":"https:\/\/psicoterapia-gap.net\/blog\/wp-json\/wp\/v2\/comments?post=55840"}],"version-history":[{"count":23,"href":"https:\/\/psicoterapia-gap.net\/blog\/wp-json\/wp\/v2\/pages\/55840\/revisions"}],"predecessor-version":[{"id":56296,"href":"https:\/\/psicoterapia-gap.net\/blog\/wp-json\/wp\/v2\/pages\/55840\/revisions\/56296"}],"wp:attachment":[{"href":"https:\/\/psicoterapia-gap.net\/blog\/wp-json\/wp\/v2\/media?parent=55840"}],"curies":[{"name":"wp","href":"https:\/\/api.w.org\/{rel}","templated":true}]}}