{"id":55028,"date":"2017-08-23T11:15:07","date_gmt":"2017-08-23T10:15:07","guid":{"rendered":"http:\/\/psicoterapia-gap.net\/blog\/?page_id=55028"},"modified":"2024-05-08T22:32:19","modified_gmt":"2024-05-08T21:32:19","slug":"ainara-cajigas","status":"publish","type":"page","link":"https:\/\/psicoterapia-gap.net\/blog\/ainara-cajigas\/","title":{"rendered":"Ainara Cajigas"},"content":{"rendered":"\t\t<div data-elementor-type=\"wp-page\" data-elementor-id=\"55028\" class=\"elementor elementor-55028\">\n\t\t\t\t\t\t<section class=\"elementor-section elementor-top-section elementor-element elementor-element-9054e8e elementor-section-boxed elementor-section-height-default elementor-section-height-default\" data-id=\"9054e8e\" data-element_type=\"section\">\n\t\t\t\t\t\t<div class=\"elementor-container elementor-column-gap-default\">\n\t\t\t\t\t<div class=\"elementor-column elementor-col-100 elementor-top-column elementor-element elementor-element-6e3a83b\" data-id=\"6e3a83b\" data-element_type=\"column\">\n\t\t\t<div class=\"elementor-widget-wrap elementor-element-populated\">\n\t\t\t\t\t\t<div class=\"elementor-element elementor-element-c4a68d8 elementor-widget elementor-widget-heading\" data-id=\"c4a68d8\" data-element_type=\"widget\" data-widget_type=\"heading.default\">\n\t\t\t\t<div class=\"elementor-widget-container\">\n\t\t\t<h2 class=\"elementor-heading-title elementor-size-default\">Ainara Cajigas<\/h2>\t\t<\/div>\n\t\t\t\t<\/div>\n\t\t\t\t\t<\/div>\n\t\t<\/div>\n\t\t\t\t\t<\/div>\n\t\t<\/section>\n\t\t\t\t<section class=\"elementor-section elementor-top-section elementor-element elementor-element-8cf0e57 elementor-section-boxed elementor-section-height-default elementor-section-height-default\" data-id=\"8cf0e57\" data-element_type=\"section\">\n\t\t\t\t\t\t<div class=\"elementor-container elementor-column-gap-default\">\n\t\t\t\t\t<div class=\"elementor-column elementor-col-50 elementor-top-column elementor-element elementor-element-eae56d9\" data-id=\"eae56d9\" data-element_type=\"column\">\n\t\t\t<div class=\"elementor-widget-wrap elementor-element-populated\">\n\t\t\t\t\t\t<div class=\"elementor-element elementor-element-da2150d elementor-widget elementor-widget-image\" data-id=\"da2150d\" data-element_type=\"widget\" data-widget_type=\"image.default\">\n\t\t\t\t<div class=\"elementor-widget-container\">\n\t\t\t\t\t\t\t\t\t\t\t\t\t<img fetchpriority=\"high\" decoding=\"async\" width=\"300\" height=\"300\" src=\"https:\/\/psicoterapia-gap.net\/blog\/wp-content\/uploads\/2022\/05\/Ainara-Cajigas-300x300.png\" class=\"attachment-medium size-medium wp-image-55776\" alt=\"\" srcset=\"https:\/\/psicoterapia-gap.net\/blog\/wp-content\/uploads\/2022\/05\/Ainara-Cajigas-300x300.png 300w, https:\/\/psicoterapia-gap.net\/blog\/wp-content\/uploads\/2022\/05\/Ainara-Cajigas-150x150.png 150w, https:\/\/psicoterapia-gap.net\/blog\/wp-content\/uploads\/2022\/05\/Ainara-Cajigas-768x768.png 768w, https:\/\/psicoterapia-gap.net\/blog\/wp-content\/uploads\/2022\/05\/Ainara-Cajigas-100x100.png 100w, https:\/\/psicoterapia-gap.net\/blog\/wp-content\/uploads\/2022\/05\/Ainara-Cajigas.png 1024w\" sizes=\"(max-width: 300px) 100vw, 300px\" \/>\t\t\t\t\t\t\t\t\t\t\t\t\t<\/div>\n\t\t\t\t<\/div>\n\t\t\t\t<section class=\"elementor-section elementor-inner-section elementor-element elementor-element-cfb47c0 elementor-section-boxed elementor-section-height-default elementor-section-height-default\" data-id=\"cfb47c0\" data-element_type=\"section\">\n\t\t\t\t\t\t<div class=\"elementor-container elementor-column-gap-default\">\n\t\t\t\t\t<div class=\"elementor-column elementor-col-100 elementor-inner-column elementor-element elementor-element-ac8bf61\" data-id=\"ac8bf61\" data-element_type=\"column\">\n\t\t\t<div class=\"elementor-widget-wrap elementor-element-populated\">\n\t\t\t\t\t\t<div class=\"elementor-element elementor-element-0a3c1ce elementor-widget elementor-widget-text-editor\" data-id=\"0a3c1ce\" data-element_type=\"widget\" data-widget_type=\"text-editor.default\">\n\t\t\t\t<div class=\"elementor-widget-container\">\n\t\t\t\t\t\t\t<p style=\"text-align: center;\"><strong>Psic\u00f3loga Sanitaria colegiada n\u00ba M-26.146<\/strong><\/p><p style=\"text-align: center;\"><span style=\"font-style: inherit; font-weight: inherit; color: var( --e-global-color-text ); font-family: var( --e-global-typography-text-font-family ), Sans-serif; background-color: var(--ast-global-color-5);\">Est\u00e1 especializada en el abordaje de problemas de ansiedad y estado de \u00e1nimo, conductas adictivas, trauma, apego y dolor cr\u00f3nico. <\/span><span style=\"font-size: 16px; font-style: normal; font-weight: 400;\">\u00a0<\/span><\/p><p style=\"text-align: center;\">En la actualidad est\u00e1 enfocada en la incorporaci\u00f3n de estrategias de <strong>Atenci\u00f3n Plena<\/strong> (Mindfulness) y <strong>Regulaci\u00f3n Emocional<\/strong> a la pr\u00e1ctica terap\u00e9utica, as\u00ed como en la comprensi\u00f3n y abordaje de la problem\u00e1tica psicol\u00f3gica desde <strong>EMDR <\/strong>y la<strong> Terapia centrada en el Trauma<\/strong>.<\/p>\t\t\t\t\t\t<\/div>\n\t\t\t\t<\/div>\n\t\t\t\t\t<\/div>\n\t\t<\/div>\n\t\t\t\t\t<\/div>\n\t\t<\/section>\n\t\t\t\t<div class=\"elementor-element elementor-element-b82605f elementor-align-center elementor-widget elementor-widget-button\" data-id=\"b82605f\" data-element_type=\"widget\" data-widget_type=\"button.default\">\n\t\t\t\t<div class=\"elementor-widget-container\">\n\t\t\t\t\t\t\t<div class=\"elementor-button-wrapper\">\n\t\t\t\t\t<a class=\"elementor-button elementor-button-link elementor-size-sm\" href=\"https:\/\/psicoterapia-gap.net\/blog\/wp-content\/uploads\/2024\/05\/CV-WEB-Ainara-Cajigas.pdf\" target=\"_blank\">\n\t\t\t\t\t\t<span class=\"elementor-button-content-wrapper\">\n\t\t\t\t\t\t\t\t\t<span class=\"elementor-button-text\">Ver CV completo<\/span>\n\t\t\t\t\t<\/span>\n\t\t\t\t\t<\/a>\n\t\t\t\t<\/div>\n\t\t\t\t\t\t<\/div>\n\t\t\t\t<\/div>\n\t\t\t\t\t<\/div>\n\t\t<\/div>\n\t\t\t\t<div class=\"elementor-column elementor-col-50 elementor-top-column elementor-element elementor-element-33cfdba8\" data-id=\"33cfdba8\" data-element_type=\"column\">\n\t\t\t<div class=\"elementor-widget-wrap elementor-element-populated\">\n\t\t\t\t\t\t<div class=\"elementor-element elementor-element-8dc4a2c elementor-widget elementor-widget-heading\" data-id=\"8dc4a2c\" data-element_type=\"widget\" data-widget_type=\"heading.default\">\n\t\t\t\t<div class=\"elementor-widget-container\">\n\t\t\t<h2 class=\"elementor-heading-title elementor-size-default\">Formaci\u00f3n<\/h2>\t\t<\/div>\n\t\t\t\t<\/div>\n\t\t\t\t<div class=\"elementor-element elementor-element-544eed5f elementor-widget elementor-widget-text-editor\" data-id=\"544eed5f\" data-element_type=\"widget\" data-widget_type=\"text-editor.default\">\n\t\t\t\t<div class=\"elementor-widget-container\">\n\t\t\t\t\t\t\t<ul><li><strong>Licenciada en Psicolog\u00eda<\/strong><strong>\u00a0<\/strong>(Universidad Complutense de Madrid)<\/li><li><strong>Diplomada en Educaci\u00f3n Social<\/strong><strong>\u00a0<\/strong>(Universidad del Pa\u00eds Vasco)<\/li><li><strong>M\u00e1ster en Psicolog\u00eda Cl\u00ednica \u00a0y de la Salud\u00a0<\/strong>(Universidad Complutense)<\/li><li><strong>Nivel I y II EMDR<\/strong> (Asociaci\u00f3n EMDR-Espa\u00f1a)<\/li><li><strong>Certificate Program in Traumatic Stress Studies<\/strong> (Trauma Research Foundation)<\/li><li>Formaci\u00f3n avanzada en EMDR en <strong>Apego, Trauma complejo y Disociaci\u00f3n<\/strong> (Asociaci\u00f3n EMDR-Espa\u00f1a)<\/li><li>Formaci\u00f3n de especializaci\u00f3n en <strong>Conductas Adictivas<\/strong> (COP Madrid, Universidad de Valencia, Agencia Antidroga)<\/li><li>Mindfulness Based Stress Reduction <strong>MBSR<\/strong> (Nirakara)<\/li><\/ul>\t\t\t\t\t\t<\/div>\n\t\t\t\t<\/div>\n\t\t\t\t<div class=\"elementor-element elementor-element-1e1dcda elementor-widget elementor-widget-heading\" data-id=\"1e1dcda\" data-element_type=\"widget\" data-widget_type=\"heading.default\">\n\t\t\t\t<div class=\"elementor-widget-container\">\n\t\t\t<h2 class=\"elementor-heading-title elementor-size-default\">Otra informaci\u00f3n<\/h2>\t\t<\/div>\n\t\t\t\t<\/div>\n\t\t\t\t<div class=\"elementor-element elementor-element-06532b7 elementor-widget elementor-widget-text-editor\" data-id=\"06532b7\" data-element_type=\"widget\" data-widget_type=\"text-editor.default\">\n\t\t\t\t<div class=\"elementor-widget-container\">\n\t\t\t\t\t\t\t<ul><li>Habilitada como\u00a0<strong>Psic\u00f3loga Sanitaria<\/strong>\u00a0por la Consejer\u00eda de Sanidad de la Comunidad de Madrid<\/li><li>Miembro de la secci\u00f3n de\u00a0<strong>Psicolog\u00eda Cl\u00ednica y de la Salud<\/strong>\u00a0del Colegio Oficial de Psic\u00f3logos de Madrid<\/li><li>Miembro de la Divisi\u00f3n de\u00a0<strong>Psicolog\u00eda Cl\u00ednica y de la Salud<\/strong>\u00a0y de la Divisi\u00f3n de\u00a0<strong>Psicoterapia<\/strong>\u00a0del Consejo General de la Psicolog\u00eda<\/li><li>Miembro de la <strong>Asociaci\u00f3n EMDR-Espa\u00f1a<\/strong><\/li><li>Practicante de <strong>Yoga<\/strong> y <strong>Meditaci\u00f3n<\/strong><\/li><\/ul>\t\t\t\t\t\t<\/div>\n\t\t\t\t<\/div>\n\t\t\t\t\t<\/div>\n\t\t<\/div>\n\t\t\t\t\t<\/div>\n\t\t<\/section>\n\t\t\t\t<\/div>\n\t\t","protected":false},"excerpt":{"rendered":"<p>Ainara Cajigas Psic\u00f3loga Sanitaria colegiada n\u00ba M-26.146 Est\u00e1 especializada en el abordaje de problemas de ansiedad y estado de \u00e1nimo, conductas adictivas, trauma, apego y dolor cr\u00f3nico. \u00a0 En la actualidad est\u00e1 enfocada en la incorporaci\u00f3n de estrategias de Atenci\u00f3n Plena (Mindfulness) y Regulaci\u00f3n Emocional a la pr\u00e1ctica terap\u00e9utica, as\u00ed como en la comprensi\u00f3n y [&hellip;]<\/p>\n","protected":false},"author":1,"featured_media":0,"parent":0,"menu_order":0,"comment_status":"closed","ping_status":"closed","template":"","meta":{"_monsterinsights_skip_tracking":false,"_monsterinsights_sitenote_active":false,"_monsterinsights_sitenote_note":"","_monsterinsights_sitenote_category":0,"site-sidebar-layout":"no-sidebar","site-content-layout":"plain-container","ast-site-content-layout":"","site-content-style":"default","site-sidebar-style":"default","ast-global-header-display":"","ast-banner-title-visibility":"","ast-main-header-display":"","ast-hfb-above-header-display":"","ast-hfb-below-header-display":"","ast-hfb-mobile-header-display":"","site-post-title":"disabled","ast-breadcrumbs-content":"","ast-featured-img":"disabled","footer-sml-layout":"","theme-transparent-header-meta":"","adv-header-id-meta":"","stick-header-meta":"","header-above-stick-meta":"","header-main-stick-meta":"","header-below-stick-meta":"","astra-migrate-meta-layouts":"default","ast-page-background-enabled":"default","ast-page-background-meta":{"desktop":{"background-color":"var(--ast-global-color-4)","background-image":"","background-repeat":"repeat","background-position":"center center","background-size":"auto","background-attachment":"scroll","background-type":"","background-media":"","overlay-type":"","overlay-color":"","overlay-opacity":"","overlay-gradient":""},"tablet":{"background-color":"","background-image":"","background-repeat":"repeat","background-position":"center center","background-size":"auto","background-attachment":"scroll","background-type":"","background-media":"","overlay-type":"","overlay-color":"","overlay-opacity":"","overlay-gradient":""},"mobile":{"background-color":"","background-image":"","background-repeat":"repeat","background-position":"center center","background-size":"auto","background-attachment":"scroll","background-type":"","background-media":"","overlay-type":"","overlay-color":"","overlay-opacity":"","overlay-gradient":""}},"ast-content-background-meta":{"desktop":{"background-color":"var(--ast-global-color-5)","background-image":"","background-repeat":"repeat","background-position":"center center","background-size":"auto","background-attachment":"scroll","background-type":"","background-media":"","overlay-type":"","overlay-color":"","overlay-opacity":"","overlay-gradient":""},"tablet":{"background-color":"var(--ast-global-color-5)","background-image":"","background-repeat":"repeat","background-position":"center center","background-size":"auto","background-attachment":"scroll","background-type":"","background-media":"","overlay-type":"","overlay-color":"","overlay-opacity":"","overlay-gradient":""},"mobile":{"background-color":"var(--ast-global-color-5)","background-image":"","background-repeat":"repeat","background-position":"center center","background-size":"auto","background-attachment":"scroll","background-type":"","background-media":"","overlay-type":"","overlay-color":"","overlay-opacity":"","overlay-gradient":""}},"footnotes":""},"class_list":["post-55028","page","type-page","status-publish","hentry"],"yoast_head":"<!-- This site is optimized with the Yoast SEO plugin v25.4 - https:\/\/yoast.com\/wordpress\/plugins\/seo\/ -->\n<title>Ainara Cajigas - Gabinete de Acci\u00f3n Psicol\u00f3gica<\/title>\n<meta name=\"description\" content=\"Ainara Cajigas. Psic\u00f3loga sanitaria en el centro de Madrid. EMDR y Mindfulness. Estado de \u00e1nimo, ansiedad, trauma, apego y disociaci\u00f3n.\" \/>\n<meta name=\"robots\" content=\"index, follow, max-snippet:-1, max-image-preview:large, max-video-preview:-1\" \/>\n<link rel=\"canonical\" href=\"https:\/\/psicoterapia-gap.net\/blog\/ainara-cajigas\/\" \/>\n<meta property=\"og:locale\" content=\"es_ES\" \/>\n<meta property=\"og:type\" content=\"article\" \/>\n<meta property=\"og:title\" content=\"Ainara Cajigas - Gabinete de Acci\u00f3n Psicol\u00f3gica\" \/>\n<meta property=\"og:description\" content=\"Ainara Cajigas. Psic\u00f3loga sanitaria en el centro de Madrid. EMDR y Mindfulness. Estado de \u00e1nimo, ansiedad, trauma, apego y disociaci\u00f3n.\" \/>\n<meta property=\"og:url\" content=\"https:\/\/psicoterapia-gap.net\/blog\/ainara-cajigas\/\" \/>\n<meta property=\"og:site_name\" content=\"Gabinete de Acci\u00f3n Psicol\u00f3gica\" \/>\n<meta property=\"article:modified_time\" content=\"2024-05-08T21:32:19+00:00\" \/>\n<meta property=\"og:image\" content=\"https:\/\/psicoterapia-gap.net\/blog\/wp-content\/uploads\/2022\/05\/Ainara-Cajigas-300x300.png\" \/>\n<meta name=\"twitter:card\" content=\"summary_large_image\" \/>\n<meta name=\"twitter:label1\" content=\"Tiempo de lectura\" \/>\n\t<meta name=\"twitter:data1\" content=\"2 minutos\" \/>\n<script type=\"application\/ld+json\" class=\"yoast-schema-graph\">{\"@context\":\"https:\/\/schema.org\",\"@graph\":[{\"@type\":\"WebPage\",\"@id\":\"https:\/\/psicoterapia-gap.net\/blog\/ainara-cajigas\/\",\"url\":\"https:\/\/psicoterapia-gap.net\/blog\/ainara-cajigas\/\",\"name\":\"Ainara Cajigas - Gabinete de Acci\u00f3n Psicol\u00f3gica\",\"isPartOf\":{\"@id\":\"https:\/\/psicoterapia-gap.net\/blog\/#website\"},\"primaryImageOfPage\":{\"@id\":\"https:\/\/psicoterapia-gap.net\/blog\/ainara-cajigas\/#primaryimage\"},\"image\":{\"@id\":\"https:\/\/psicoterapia-gap.net\/blog\/ainara-cajigas\/#primaryimage\"},\"thumbnailUrl\":\"https:\/\/psicoterapia-gap.net\/blog\/wp-content\/uploads\/2022\/05\/Ainara-Cajigas-300x300.png\",\"datePublished\":\"2017-08-23T10:15:07+00:00\",\"dateModified\":\"2024-05-08T21:32:19+00:00\",\"description\":\"Ainara Cajigas. Psic\u00f3loga sanitaria en el centro de Madrid. EMDR y Mindfulness. Estado de \u00e1nimo, ansiedad, trauma, apego y disociaci\u00f3n.\",\"breadcrumb\":{\"@id\":\"https:\/\/psicoterapia-gap.net\/blog\/ainara-cajigas\/#breadcrumb\"},\"inLanguage\":\"es\",\"potentialAction\":[{\"@type\":\"ReadAction\",\"target\":[\"https:\/\/psicoterapia-gap.net\/blog\/ainara-cajigas\/\"]}]},{\"@type\":\"ImageObject\",\"inLanguage\":\"es\",\"@id\":\"https:\/\/psicoterapia-gap.net\/blog\/ainara-cajigas\/#primaryimage\",\"url\":\"https:\/\/psicoterapia-gap.net\/blog\/wp-content\/uploads\/2022\/05\/Ainara-Cajigas.png\",\"contentUrl\":\"https:\/\/psicoterapia-gap.net\/blog\/wp-content\/uploads\/2022\/05\/Ainara-Cajigas.png\",\"width\":1024,\"height\":1024},{\"@type\":\"BreadcrumbList\",\"@id\":\"https:\/\/psicoterapia-gap.net\/blog\/ainara-cajigas\/#breadcrumb\",\"itemListElement\":[{\"@type\":\"ListItem\",\"position\":1,\"name\":\"Portada\",\"item\":\"https:\/\/psicoterapia-gap.net\/blog\/\"},{\"@type\":\"ListItem\",\"position\":2,\"name\":\"Ainara Cajigas\"}]},{\"@type\":\"WebSite\",\"@id\":\"https:\/\/psicoterapia-gap.net\/blog\/#website\",\"url\":\"https:\/\/psicoterapia-gap.net\/blog\/\",\"name\":\"Gabinete de Acci\u00f3n Psicol\u00f3gica\",\"description\":\"Psicolog\u00eda Madrid centro\",\"publisher\":{\"@id\":\"https:\/\/psicoterapia-gap.net\/blog\/#organization\"},\"alternateName\":\"GAP Psicolog\u00eda\",\"potentialAction\":[{\"@type\":\"SearchAction\",\"target\":{\"@type\":\"EntryPoint\",\"urlTemplate\":\"https:\/\/psicoterapia-gap.net\/blog\/?s={search_term_string}\"},\"query-input\":{\"@type\":\"PropertyValueSpecification\",\"valueRequired\":true,\"valueName\":\"search_term_string\"}}],\"inLanguage\":\"es\"},{\"@type\":\"Organization\",\"@id\":\"https:\/\/psicoterapia-gap.net\/blog\/#organization\",\"name\":\"Gabinete de Acci\u00f3n Psicol\u00f3gica\",\"url\":\"https:\/\/psicoterapia-gap.net\/blog\/\",\"logo\":{\"@type\":\"ImageObject\",\"inLanguage\":\"es\",\"@id\":\"https:\/\/psicoterapia-gap.net\/blog\/#\/schema\/logo\/image\/\",\"url\":\"https:\/\/psicoterapia-gap.net\/blog\/wp-content\/uploads\/2017\/08\/logo-151.png\",\"contentUrl\":\"https:\/\/psicoterapia-gap.net\/blog\/wp-content\/uploads\/2017\/08\/logo-151.png\",\"width\":164,\"height\":33,\"caption\":\"Gabinete de Acci\u00f3n Psicol\u00f3gica\"},\"image\":{\"@id\":\"https:\/\/psicoterapia-gap.net\/blog\/#\/schema\/logo\/image\/\"},\"sameAs\":[\"https:\/\/www.instagram.com\/gappsicologia\/\"]}]}<\/script>\n<!-- \/ Yoast SEO plugin. -->","yoast_head_json":{"title":"Ainara Cajigas - Gabinete de Acci\u00f3n Psicol\u00f3gica","description":"Ainara Cajigas. Psic\u00f3loga sanitaria en el centro de Madrid. EMDR y Mindfulness. Estado de \u00e1nimo, ansiedad, trauma, apego y disociaci\u00f3n.","robots":{"index":"index","follow":"follow","max-snippet":"max-snippet:-1","max-image-preview":"max-image-preview:large","max-video-preview":"max-video-preview:-1"},"canonical":"https:\/\/psicoterapia-gap.net\/blog\/ainara-cajigas\/","og_locale":"es_ES","og_type":"article","og_title":"Ainara Cajigas - Gabinete de Acci\u00f3n Psicol\u00f3gica","og_description":"Ainara Cajigas. Psic\u00f3loga sanitaria en el centro de Madrid. EMDR y Mindfulness. Estado de \u00e1nimo, ansiedad, trauma, apego y disociaci\u00f3n.","og_url":"https:\/\/psicoterapia-gap.net\/blog\/ainara-cajigas\/","og_site_name":"Gabinete de Acci\u00f3n Psicol\u00f3gica","article_modified_time":"2024-05-08T21:32:19+00:00","og_image":[{"url":"https:\/\/psicoterapia-gap.net\/blog\/wp-content\/uploads\/2022\/05\/Ainara-Cajigas-300x300.png","type":"","width":"","height":""}],"twitter_card":"summary_large_image","twitter_misc":{"Tiempo de lectura":"2 minutos"},"schema":{"@context":"https:\/\/schema.org","@graph":[{"@type":"WebPage","@id":"https:\/\/psicoterapia-gap.net\/blog\/ainara-cajigas\/","url":"https:\/\/psicoterapia-gap.net\/blog\/ainara-cajigas\/","name":"Ainara Cajigas - Gabinete de Acci\u00f3n Psicol\u00f3gica","isPartOf":{"@id":"https:\/\/psicoterapia-gap.net\/blog\/#website"},"primaryImageOfPage":{"@id":"https:\/\/psicoterapia-gap.net\/blog\/ainara-cajigas\/#primaryimage"},"image":{"@id":"https:\/\/psicoterapia-gap.net\/blog\/ainara-cajigas\/#primaryimage"},"thumbnailUrl":"https:\/\/psicoterapia-gap.net\/blog\/wp-content\/uploads\/2022\/05\/Ainara-Cajigas-300x300.png","datePublished":"2017-08-23T10:15:07+00:00","dateModified":"2024-05-08T21:32:19+00:00","description":"Ainara Cajigas. Psic\u00f3loga sanitaria en el centro de Madrid. EMDR y Mindfulness. Estado de \u00e1nimo, ansiedad, trauma, apego y disociaci\u00f3n.","breadcrumb":{"@id":"https:\/\/psicoterapia-gap.net\/blog\/ainara-cajigas\/#breadcrumb"},"inLanguage":"es","potentialAction":[{"@type":"ReadAction","target":["https:\/\/psicoterapia-gap.net\/blog\/ainara-cajigas\/"]}]},{"@type":"ImageObject","inLanguage":"es","@id":"https:\/\/psicoterapia-gap.net\/blog\/ainara-cajigas\/#primaryimage","url":"https:\/\/psicoterapia-gap.net\/blog\/wp-content\/uploads\/2022\/05\/Ainara-Cajigas.png","contentUrl":"https:\/\/psicoterapia-gap.net\/blog\/wp-content\/uploads\/2022\/05\/Ainara-Cajigas.png","width":1024,"height":1024},{"@type":"BreadcrumbList","@id":"https:\/\/psicoterapia-gap.net\/blog\/ainara-cajigas\/#breadcrumb","itemListElement":[{"@type":"ListItem","position":1,"name":"Portada","item":"https:\/\/psicoterapia-gap.net\/blog\/"},{"@type":"ListItem","position":2,"name":"Ainara Cajigas"}]},{"@type":"WebSite","@id":"https:\/\/psicoterapia-gap.net\/blog\/#website","url":"https:\/\/psicoterapia-gap.net\/blog\/","name":"Gabinete de Acci\u00f3n Psicol\u00f3gica","description":"Psicolog\u00eda Madrid centro","publisher":{"@id":"https:\/\/psicoterapia-gap.net\/blog\/#organization"},"alternateName":"GAP Psicolog\u00eda","potentialAction":[{"@type":"SearchAction","target":{"@type":"EntryPoint","urlTemplate":"https:\/\/psicoterapia-gap.net\/blog\/?s={search_term_string}"},"query-input":{"@type":"PropertyValueSpecification","valueRequired":true,"valueName":"search_term_string"}}],"inLanguage":"es"},{"@type":"Organization","@id":"https:\/\/psicoterapia-gap.net\/blog\/#organization","name":"Gabinete de Acci\u00f3n Psicol\u00f3gica","url":"https:\/\/psicoterapia-gap.net\/blog\/","logo":{"@type":"ImageObject","inLanguage":"es","@id":"https:\/\/psicoterapia-gap.net\/blog\/#\/schema\/logo\/image\/","url":"https:\/\/psicoterapia-gap.net\/blog\/wp-content\/uploads\/2017\/08\/logo-151.png","contentUrl":"https:\/\/psicoterapia-gap.net\/blog\/wp-content\/uploads\/2017\/08\/logo-151.png","width":164,"height":33,"caption":"Gabinete de Acci\u00f3n Psicol\u00f3gica"},"image":{"@id":"https:\/\/psicoterapia-gap.net\/blog\/#\/schema\/logo\/image\/"},"sameAs":["https:\/\/www.instagram.com\/gappsicologia\/"]}]}},"_links":{"self":[{"href":"https:\/\/psicoterapia-gap.net\/blog\/wp-json\/wp\/v2\/pages\/55028","targetHints":{"allow":["GET"]}}],"collection":[{"href":"https:\/\/psicoterapia-gap.net\/blog\/wp-json\/wp\/v2\/pages"}],"about":[{"href":"https:\/\/psicoterapia-gap.net\/blog\/wp-json\/wp\/v2\/types\/page"}],"author":[{"embeddable":true,"href":"https:\/\/psicoterapia-gap.net\/blog\/wp-json\/wp\/v2\/users\/1"}],"replies":[{"embeddable":true,"href":"https:\/\/psicoterapia-gap.net\/blog\/wp-json\/wp\/v2\/comments?post=55028"}],"version-history":[{"count":61,"href":"https:\/\/psicoterapia-gap.net\/blog\/wp-json\/wp\/v2\/pages\/55028\/revisions"}],"predecessor-version":[{"id":56303,"href":"https:\/\/psicoterapia-gap.net\/blog\/wp-json\/wp\/v2\/pages\/55028\/revisions\/56303"}],"wp:attachment":[{"href":"https:\/\/psicoterapia-gap.net\/blog\/wp-json\/wp\/v2\/media?parent=55028"}],"curies":[{"name":"wp","href":"https:\/\/api.w.org\/{rel}","templated":true}]}}