{"id":1294,"date":"2013-04-23T08:11:30","date_gmt":"2013-04-23T07:11:30","guid":{"rendered":"http:\/\/localhost\/wordpress\/medicenter\/?page_id=1294"},"modified":"2024-03-29T23:21:02","modified_gmt":"2024-03-29T22:21:02","slug":"contacto","status":"publish","type":"page","link":"https:\/\/psicoterapia-gap.net\/blog\/contacto\/","title":{"rendered":"Contacto"},"content":{"rendered":"\t\t<div data-elementor-type=\"wp-page\" data-elementor-id=\"1294\" class=\"elementor elementor-1294\">\n\t\t\t\t\t\t<section class=\"elementor-section elementor-top-section elementor-element elementor-element-376cee49 elementor-section-boxed elementor-section-height-default elementor-section-height-default\" data-id=\"376cee49\" data-element_type=\"section\">\n\t\t\t\t\t\t<div class=\"elementor-container elementor-column-gap-default\">\n\t\t\t\t\t<div class=\"elementor-column elementor-col-100 elementor-top-column elementor-element elementor-element-17f57c9d\" data-id=\"17f57c9d\" data-element_type=\"column\">\n\t\t\t<div class=\"elementor-widget-wrap elementor-element-populated\">\n\t\t\t\t\t\t<div class=\"elementor-element elementor-element-233a18a elementor-widget elementor-widget-heading\" data-id=\"233a18a\" data-element_type=\"widget\" data-widget_type=\"heading.default\">\n\t\t\t\t<div class=\"elementor-widget-container\">\n\t\t\t<h1 class=\"elementor-heading-title elementor-size-default\">Contacto<\/h1>\t\t<\/div>\n\t\t\t\t<\/div>\n\t\t\t\t\t<\/div>\n\t\t<\/div>\n\t\t\t\t\t<\/div>\n\t\t<\/section>\n\t\t\t\t<section class=\"elementor-section elementor-top-section elementor-element elementor-element-6e9e2e1 elementor-section-boxed elementor-section-height-default elementor-section-height-default\" data-id=\"6e9e2e1\" data-element_type=\"section\">\n\t\t\t\t\t\t<div class=\"elementor-container elementor-column-gap-default\">\n\t\t\t\t\t<div class=\"elementor-column elementor-col-100 elementor-top-column elementor-element elementor-element-f54a8be\" data-id=\"f54a8be\" data-element_type=\"column\">\n\t\t\t<div class=\"elementor-widget-wrap elementor-element-populated\">\n\t\t\t\t\t\t<div class=\"elementor-element elementor-element-d2af2e6 elementor-widget elementor-widget-google_maps\" data-id=\"d2af2e6\" data-element_type=\"widget\" data-widget_type=\"google_maps.default\">\n\t\t\t\t<div class=\"elementor-widget-container\">\n\t\t\t\t\t<div class=\"elementor-custom-embed\">\n\t\t\t<iframe loading=\"lazy\"\n\t\t\t\t\tsrc=\"https:\/\/maps.google.com\/maps?q=Duque%20Fern%C3%A1n%20N%C3%BA%C3%B1ez%2C%202%20%28Madrid%29&#038;t=m&#038;z=16&#038;output=embed&#038;iwloc=near\"\n\t\t\t\t\ttitle=\"Duque Fern\u00e1n N\u00fa\u00f1ez, 2 (Madrid)\"\n\t\t\t\t\taria-label=\"Duque Fern\u00e1n N\u00fa\u00f1ez, 2 (Madrid)\"\n\t\t\t><\/iframe>\n\t\t<\/div>\n\t\t\t\t<\/div>\n\t\t\t\t<\/div>\n\t\t\t\t\t<\/div>\n\t\t<\/div>\n\t\t\t\t\t<\/div>\n\t\t<\/section>\n\t\t\t\t<section class=\"elementor-section elementor-top-section elementor-element elementor-element-82454c3 elementor-section-boxed elementor-section-height-default elementor-section-height-default\" data-id=\"82454c3\" data-element_type=\"section\">\n\t\t\t\t\t\t<div class=\"elementor-container elementor-column-gap-default\">\n\t\t\t\t\t<div class=\"elementor-column elementor-col-33 elementor-top-column elementor-element elementor-element-3ffeb30\" data-id=\"3ffeb30\" data-element_type=\"column\">\n\t\t\t<div class=\"elementor-widget-wrap\">\n\t\t\t\t\t\t\t<\/div>\n\t\t<\/div>\n\t\t\t\t<div class=\"elementor-column elementor-col-33 elementor-top-column elementor-element elementor-element-d43ef8a\" data-id=\"d43ef8a\" data-element_type=\"column\">\n\t\t\t<div class=\"elementor-widget-wrap\">\n\t\t\t\t\t\t\t<\/div>\n\t\t<\/div>\n\t\t\t\t<div class=\"elementor-column elementor-col-33 elementor-top-column elementor-element elementor-element-d8c507b\" data-id=\"d8c507b\" data-element_type=\"column\">\n\t\t\t<div class=\"elementor-widget-wrap\">\n\t\t\t\t\t\t\t<\/div>\n\t\t<\/div>\n\t\t\t\t\t<\/div>\n\t\t<\/section>\n\t\t\t\t<section class=\"elementor-section elementor-top-section elementor-element elementor-element-bdd8abc elementor-section-boxed elementor-section-height-default elementor-section-height-default\" data-id=\"bdd8abc\" data-element_type=\"section\">\n\t\t\t\t\t\t<div class=\"elementor-container elementor-column-gap-default\">\n\t\t\t\t\t<div class=\"elementor-column elementor-col-50 elementor-top-column elementor-element elementor-element-32139b5\" data-id=\"32139b5\" data-element_type=\"column\">\n\t\t\t<div class=\"elementor-widget-wrap elementor-element-populated\">\n\t\t\t\t\t\t<div class=\"elementor-element elementor-element-bb081c6 elementor-widget elementor-widget-shortcode\" data-id=\"bb081c6\" data-element_type=\"widget\" data-widget_type=\"shortcode.default\">\n\t\t\t\t<div class=\"elementor-widget-container\">\n\t\t\t\t\t<div class=\"elementor-shortcode\">\n<div class=\"wpcf7 no-js\" id=\"wpcf7-f55649-o1\" lang=\"es-ES\" dir=\"ltr\" data-wpcf7-id=\"55649\">\n<div class=\"screen-reader-response\"><p role=\"status\" aria-live=\"polite\" aria-atomic=\"true\"><\/p> <ul><\/ul><\/div>\n<form action=\"\/blog\/wp-json\/wp\/v2\/pages\/1294#wpcf7-f55649-o1\" method=\"post\" class=\"wpcf7-form init\" aria-label=\"Formulario de contacto\" novalidate=\"novalidate\" data-status=\"init\">\n<fieldset class=\"hidden-fields-container\"><input type=\"hidden\" name=\"_wpcf7\" value=\"55649\" \/><input type=\"hidden\" name=\"_wpcf7_version\" value=\"6.1\" \/><input type=\"hidden\" name=\"_wpcf7_locale\" value=\"es_ES\" \/><input type=\"hidden\" name=\"_wpcf7_unit_tag\" value=\"wpcf7-f55649-o1\" \/><input type=\"hidden\" name=\"_wpcf7_container_post\" value=\"0\" \/><input type=\"hidden\" name=\"_wpcf7_posted_data_hash\" value=\"\" \/>\n<\/fieldset>\n<p><label> Nombre (requerido)<br \/>\n<span class=\"wpcf7-form-control-wrap\" data-name=\"your-name\"><input size=\"40\" maxlength=\"400\" class=\"wpcf7-form-control wpcf7-text wpcf7-validates-as-required\" aria-required=\"true\" aria-invalid=\"false\" value=\"\" type=\"text\" name=\"your-name\" \/><\/span> <\/label>\n<\/p>\n<p><label> Tu correo electr\u00f3nico (requerido)<br \/>\n<span class=\"wpcf7-form-control-wrap\" data-name=\"your-email\"><input size=\"40\" maxlength=\"400\" class=\"wpcf7-form-control wpcf7-email wpcf7-validates-as-required wpcf7-text wpcf7-validates-as-email\" aria-required=\"true\" aria-invalid=\"false\" value=\"\" type=\"email\" name=\"your-email\" \/><\/span> <\/label>\n<\/p>\n<p><label> Tel\u00e9fono (requerido)<br \/>\n<span class=\"wpcf7-form-control-wrap\" data-name=\"tel-648\"><input size=\"40\" maxlength=\"400\" class=\"wpcf7-form-control wpcf7-tel wpcf7-validates-as-required wpcf7-text wpcf7-validates-as-tel\" aria-required=\"true\" aria-invalid=\"false\" value=\"\" type=\"tel\" name=\"tel-648\" \/><\/span> <\/label>\n<\/p>\n<p><label> Mensaje<br \/>\n<span class=\"wpcf7-form-control-wrap\" data-name=\"textarea-316\"><textarea cols=\"40\" rows=\"10\" maxlength=\"2000\" class=\"wpcf7-form-control wpcf7-textarea wpcf7-validates-as-required\" aria-required=\"true\" aria-invalid=\"false\" name=\"textarea-316\"><\/textarea><\/span> <\/label>\n<\/p>\n<p><span class=\"wpcf7-form-control-wrap\" data-name=\"checkbox-353\"><span class=\"wpcf7-form-control wpcf7-checkbox\"><span class=\"wpcf7-list-item first last\"><label><input type=\"checkbox\" name=\"checkbox-353[]\" value=\"Acepto el tratamiento de mis datos\" \/><span class=\"wpcf7-list-item-label\">Acepto el tratamiento de mis datos<\/span><\/label><\/span><\/span><\/span>\n<\/p>\n<p><span class=\"wpcf7-form-control-wrap\" data-name=\"checkbox-220\"><span class=\"wpcf7-form-control wpcf7-checkbox wpcf7-validates-as-required\" id=\"Privacidad\"><span class=\"wpcf7-list-item first last\"><label><input type=\"checkbox\" name=\"checkbox-220[]\" value=\"He le\u00eddo la Pol\u00edtica de Privacidad\" \/><span class=\"wpcf7-list-item-label\">He le\u00eddo la Pol\u00edtica de Privacidad<\/span><\/label><\/span><\/span><\/span>\n<\/p>\n<p><input class=\"wpcf7-form-control wpcf7-submit has-spinner\" type=\"submit\" value=\"Enviar\" \/>\n<\/p><div class=\"wpcf7-response-output\" aria-hidden=\"true\"><\/div>\n<\/form>\n<\/div>\n<\/div>\n\t\t\t\t<\/div>\n\t\t\t\t<\/div>\n\t\t\t\t\t<\/div>\n\t\t<\/div>\n\t\t\t\t<div class=\"elementor-column elementor-col-25 elementor-top-column elementor-element elementor-element-b20661c\" data-id=\"b20661c\" data-element_type=\"column\">\n\t\t\t<div class=\"elementor-widget-wrap elementor-element-populated\">\n\t\t\t\t\t\t<div class=\"elementor-element elementor-element-cc5cf58 elementor-widget elementor-widget-heading\" data-id=\"cc5cf58\" data-element_type=\"widget\" data-widget_type=\"heading.default\">\n\t\t\t\t<div class=\"elementor-widget-container\">\n\t\t\t<h2 class=\"elementor-heading-title elementor-size-default\">Horario laboral<\/h2>\t\t<\/div>\n\t\t\t\t<\/div>\n\t\t\t\t<div class=\"elementor-element elementor-element-4ea42ce elementor-widget elementor-widget-text-editor\" data-id=\"4ea42ce\" data-element_type=\"widget\" data-widget_type=\"text-editor.default\">\n\t\t\t\t<div class=\"elementor-widget-container\">\n\t\t\t\t\t\t\t<p>De lunes a viernes de 10 a 21<\/p>\t\t\t\t\t\t<\/div>\n\t\t\t\t<\/div>\n\t\t\t\t<div class=\"elementor-element elementor-element-90818f0 elementor-widget elementor-widget-heading\" data-id=\"90818f0\" data-element_type=\"widget\" data-widget_type=\"heading.default\">\n\t\t\t\t<div class=\"elementor-widget-container\">\n\t\t\t<h2 class=\"elementor-heading-title elementor-size-default\">Te llamamos<\/h2>\t\t<\/div>\n\t\t\t\t<\/div>\n\t\t\t\t<div class=\"elementor-element elementor-element-d360ba9 elementor-widget elementor-widget-text-editor\" data-id=\"d360ba9\" data-element_type=\"widget\" data-widget_type=\"text-editor.default\">\n\t\t\t\t<div class=\"elementor-widget-container\">\n\t\t\t\t\t\t\t<p>Escr\u00edbenos y nos pondremos en contacto contigo lo antes posible<\/p>\t\t\t\t\t\t<\/div>\n\t\t\t\t<\/div>\n\t\t\t\t\t<\/div>\n\t\t<\/div>\n\t\t\t\t<div class=\"elementor-column elementor-col-25 elementor-top-column elementor-element elementor-element-160ab46\" data-id=\"160ab46\" data-element_type=\"column\">\n\t\t\t<div class=\"elementor-widget-wrap elementor-element-populated\">\n\t\t\t\t\t\t<div class=\"elementor-element elementor-element-bcb7fd6 elementor-widget elementor-widget-heading\" data-id=\"bcb7fd6\" data-element_type=\"widget\" data-widget_type=\"heading.default\">\n\t\t\t\t<div class=\"elementor-widget-container\">\n\t\t\t<h2 class=\"elementor-heading-title elementor-size-default\">Informaci\u00f3n de contacto<\/h2>\t\t<\/div>\n\t\t\t\t<\/div>\n\t\t\t\t<div class=\"elementor-element elementor-element-76bc94a elementor-widget elementor-widget-text-editor\" data-id=\"76bc94a\" data-element_type=\"widget\" data-widget_type=\"text-editor.default\">\n\t\t\t\t<div class=\"elementor-widget-container\">\n\t\t\t\t\t\t\t<p>c\/ Duque Fern\u00e1n N\u00fa\u00f1ez, 2 &#8211; 3\u00ba 2 (28012, Madrid)<\/p><p>mail: info@psicoterapia-gap.es<\/p><p>Tlf: (+34) 910 063 810<\/p><p>Mvl: (+34) 605 824 138<\/p>\t\t\t\t\t\t<\/div>\n\t\t\t\t<\/div>\n\t\t\t\t\t<\/div>\n\t\t<\/div>\n\t\t\t\t\t<\/div>\n\t\t<\/section>\n\t\t\t\t<section class=\"elementor-section elementor-top-section elementor-element elementor-element-d57ff06 elementor-section-boxed elementor-section-height-default elementor-section-height-default\" data-id=\"d57ff06\" data-element_type=\"section\">\n\t\t\t\t\t\t<div class=\"elementor-container elementor-column-gap-default\">\n\t\t\t\t\t<div class=\"elementor-column elementor-col-100 elementor-top-column elementor-element elementor-element-d5945c8\" data-id=\"d5945c8\" data-element_type=\"column\">\n\t\t\t<div class=\"elementor-widget-wrap\">\n\t\t\t\t\t\t\t<\/div>\n\t\t<\/div>\n\t\t\t\t\t<\/div>\n\t\t<\/section>\n\t\t\t\t<\/div>\n\t\t","protected":false},"excerpt":{"rendered":"<p>Contacto Horario laboral De lunes a viernes de 10 a 21 Te llamamos Escr\u00edbenos y nos pondremos en contacto contigo lo antes posible Informaci\u00f3n de contacto c\/ Duque Fern\u00e1n N\u00fa\u00f1ez, 2 &#8211; 3\u00ba 2 (28012, Madrid) mail: info@psicoterapia-gap.es Tlf: (+34) 910 063 810 Mvl: (+34) 605 824 138<\/p>\n","protected":false},"author":1,"featured_media":0,"parent":0,"menu_order":0,"comment_status":"closed","ping_status":"closed","template":"","meta":{"_monsterinsights_skip_tracking":false,"_monsterinsights_sitenote_active":false,"_monsterinsights_sitenote_note":"","_monsterinsights_sitenote_category":0,"site-sidebar-layout":"no-sidebar","site-content-layout":"plain-container","ast-site-content-layout":"","site-content-style":"default","site-sidebar-style":"default","ast-global-header-display":"","ast-banner-title-visibility":"","ast-main-header-display":"","ast-hfb-above-header-display":"","ast-hfb-below-header-display":"","ast-hfb-mobile-header-display":"","site-post-title":"disabled","ast-breadcrumbs-content":"","ast-featured-img":"disabled","footer-sml-layout":"","theme-transparent-header-meta":"","adv-header-id-meta":"","stick-header-meta":"","header-above-stick-meta":"","header-main-stick-meta":"","header-below-stick-meta":"","astra-migrate-meta-layouts":"default","ast-page-background-enabled":"default","ast-page-background-meta":{"desktop":{"background-color":"var(--ast-global-color-4)","background-image":"","background-repeat":"repeat","background-position":"center center","background-size":"auto","background-attachment":"scroll","background-type":"","background-media":"","overlay-type":"","overlay-color":"","overlay-opacity":"","overlay-gradient":""},"tablet":{"background-color":"","background-image":"","background-repeat":"repeat","background-position":"center center","background-size":"auto","background-attachment":"scroll","background-type":"","background-media":"","overlay-type":"","overlay-color":"","overlay-opacity":"","overlay-gradient":""},"mobile":{"background-color":"","background-image":"","background-repeat":"repeat","background-position":"center center","background-size":"auto","background-attachment":"scroll","background-type":"","background-media":"","overlay-type":"","overlay-color":"","overlay-opacity":"","overlay-gradient":""}},"ast-content-background-meta":{"desktop":{"background-color":"var(--ast-global-color-5)","background-image":"","background-repeat":"repeat","background-position":"center center","background-size":"auto","background-attachment":"scroll","background-type":"","background-media":"","overlay-type":"","overlay-color":"","overlay-opacity":"","overlay-gradient":""},"tablet":{"background-color":"var(--ast-global-color-5)","background-image":"","background-repeat":"repeat","background-position":"center center","background-size":"auto","background-attachment":"scroll","background-type":"","background-media":"","overlay-type":"","overlay-color":"","overlay-opacity":"","overlay-gradient":""},"mobile":{"background-color":"var(--ast-global-color-5)","background-image":"","background-repeat":"repeat","background-position":"center center","background-size":"auto","background-attachment":"scroll","background-type":"","background-media":"","overlay-type":"","overlay-color":"","overlay-opacity":"","overlay-gradient":""}},"footnotes":""},"class_list":["post-1294","page","type-page","status-publish","hentry"],"yoast_head":"<!-- This site is optimized with the Yoast SEO plugin v25.4 - https:\/\/yoast.com\/wordpress\/plugins\/seo\/ -->\n<title>Contacto - Gabinete de Acci\u00f3n Psicol\u00f3gica<\/title>\n<meta name=\"robots\" content=\"index, follow, max-snippet:-1, max-image-preview:large, max-video-preview:-1\" \/>\n<link rel=\"canonical\" href=\"https:\/\/psicoterapia-gap.net\/blog\/contacto\/\" \/>\n<meta property=\"og:locale\" content=\"es_ES\" \/>\n<meta property=\"og:type\" content=\"article\" \/>\n<meta property=\"og:title\" content=\"Contacto - Gabinete de Acci\u00f3n Psicol\u00f3gica\" \/>\n<meta property=\"og:description\" content=\"Contacto Horario laboral De lunes a viernes de 10 a 21 Te llamamos Escr\u00edbenos y nos pondremos en contacto contigo lo antes posible Informaci\u00f3n de contacto c\/ Duque Fern\u00e1n N\u00fa\u00f1ez, 2 &#8211; 3\u00ba 2 (28012, Madrid) mail: info@psicoterapia-gap.es Tlf: (+34) 910 063 810 Mvl: (+34) 605 824 138\" \/>\n<meta property=\"og:url\" content=\"https:\/\/psicoterapia-gap.net\/blog\/contacto\/\" \/>\n<meta property=\"og:site_name\" content=\"Gabinete de Acci\u00f3n Psicol\u00f3gica\" \/>\n<meta property=\"article:modified_time\" content=\"2024-03-29T22:21:02+00:00\" \/>\n<meta name=\"twitter:card\" content=\"summary_large_image\" \/>\n<meta name=\"twitter:label1\" content=\"Tiempo de lectura\" \/>\n\t<meta name=\"twitter:data1\" content=\"1 minuto\" \/>\n<script type=\"application\/ld+json\" class=\"yoast-schema-graph\">{\"@context\":\"https:\/\/schema.org\",\"@graph\":[{\"@type\":\"WebPage\",\"@id\":\"https:\/\/psicoterapia-gap.net\/blog\/contacto\/\",\"url\":\"https:\/\/psicoterapia-gap.net\/blog\/contacto\/\",\"name\":\"Contacto - Gabinete de Acci\u00f3n Psicol\u00f3gica\",\"isPartOf\":{\"@id\":\"https:\/\/psicoterapia-gap.net\/blog\/#website\"},\"datePublished\":\"2013-04-23T07:11:30+00:00\",\"dateModified\":\"2024-03-29T22:21:02+00:00\",\"breadcrumb\":{\"@id\":\"https:\/\/psicoterapia-gap.net\/blog\/contacto\/#breadcrumb\"},\"inLanguage\":\"es\",\"potentialAction\":[{\"@type\":\"ReadAction\",\"target\":[\"https:\/\/psicoterapia-gap.net\/blog\/contacto\/\"]}]},{\"@type\":\"BreadcrumbList\",\"@id\":\"https:\/\/psicoterapia-gap.net\/blog\/contacto\/#breadcrumb\",\"itemListElement\":[{\"@type\":\"ListItem\",\"position\":1,\"name\":\"Portada\",\"item\":\"https:\/\/psicoterapia-gap.net\/blog\/\"},{\"@type\":\"ListItem\",\"position\":2,\"name\":\"Contacto\"}]},{\"@type\":\"WebSite\",\"@id\":\"https:\/\/psicoterapia-gap.net\/blog\/#website\",\"url\":\"https:\/\/psicoterapia-gap.net\/blog\/\",\"name\":\"Gabinete de Acci\u00f3n Psicol\u00f3gica\",\"description\":\"Psicolog\u00eda Madrid centro\",\"publisher\":{\"@id\":\"https:\/\/psicoterapia-gap.net\/blog\/#organization\"},\"alternateName\":\"GAP Psicolog\u00eda\",\"potentialAction\":[{\"@type\":\"SearchAction\",\"target\":{\"@type\":\"EntryPoint\",\"urlTemplate\":\"https:\/\/psicoterapia-gap.net\/blog\/?s={search_term_string}\"},\"query-input\":{\"@type\":\"PropertyValueSpecification\",\"valueRequired\":true,\"valueName\":\"search_term_string\"}}],\"inLanguage\":\"es\"},{\"@type\":\"Organization\",\"@id\":\"https:\/\/psicoterapia-gap.net\/blog\/#organization\",\"name\":\"Gabinete de Acci\u00f3n Psicol\u00f3gica\",\"url\":\"https:\/\/psicoterapia-gap.net\/blog\/\",\"logo\":{\"@type\":\"ImageObject\",\"inLanguage\":\"es\",\"@id\":\"https:\/\/psicoterapia-gap.net\/blog\/#\/schema\/logo\/image\/\",\"url\":\"https:\/\/psicoterapia-gap.net\/blog\/wp-content\/uploads\/2017\/08\/logo-151.png\",\"contentUrl\":\"https:\/\/psicoterapia-gap.net\/blog\/wp-content\/uploads\/2017\/08\/logo-151.png\",\"width\":164,\"height\":33,\"caption\":\"Gabinete de Acci\u00f3n Psicol\u00f3gica\"},\"image\":{\"@id\":\"https:\/\/psicoterapia-gap.net\/blog\/#\/schema\/logo\/image\/\"},\"sameAs\":[\"https:\/\/www.instagram.com\/gappsicologia\/\"]}]}<\/script>\n<!-- \/ Yoast SEO plugin. -->","yoast_head_json":{"title":"Contacto - Gabinete de Acci\u00f3n Psicol\u00f3gica","robots":{"index":"index","follow":"follow","max-snippet":"max-snippet:-1","max-image-preview":"max-image-preview:large","max-video-preview":"max-video-preview:-1"},"canonical":"https:\/\/psicoterapia-gap.net\/blog\/contacto\/","og_locale":"es_ES","og_type":"article","og_title":"Contacto - Gabinete de Acci\u00f3n Psicol\u00f3gica","og_description":"Contacto Horario laboral De lunes a viernes de 10 a 21 Te llamamos Escr\u00edbenos y nos pondremos en contacto contigo lo antes posible Informaci\u00f3n de contacto c\/ Duque Fern\u00e1n N\u00fa\u00f1ez, 2 &#8211; 3\u00ba 2 (28012, Madrid) mail: info@psicoterapia-gap.es Tlf: (+34) 910 063 810 Mvl: (+34) 605 824 138","og_url":"https:\/\/psicoterapia-gap.net\/blog\/contacto\/","og_site_name":"Gabinete de Acci\u00f3n Psicol\u00f3gica","article_modified_time":"2024-03-29T22:21:02+00:00","twitter_card":"summary_large_image","twitter_misc":{"Tiempo de lectura":"1 minuto"},"schema":{"@context":"https:\/\/schema.org","@graph":[{"@type":"WebPage","@id":"https:\/\/psicoterapia-gap.net\/blog\/contacto\/","url":"https:\/\/psicoterapia-gap.net\/blog\/contacto\/","name":"Contacto - Gabinete de Acci\u00f3n Psicol\u00f3gica","isPartOf":{"@id":"https:\/\/psicoterapia-gap.net\/blog\/#website"},"datePublished":"2013-04-23T07:11:30+00:00","dateModified":"2024-03-29T22:21:02+00:00","breadcrumb":{"@id":"https:\/\/psicoterapia-gap.net\/blog\/contacto\/#breadcrumb"},"inLanguage":"es","potentialAction":[{"@type":"ReadAction","target":["https:\/\/psicoterapia-gap.net\/blog\/contacto\/"]}]},{"@type":"BreadcrumbList","@id":"https:\/\/psicoterapia-gap.net\/blog\/contacto\/#breadcrumb","itemListElement":[{"@type":"ListItem","position":1,"name":"Portada","item":"https:\/\/psicoterapia-gap.net\/blog\/"},{"@type":"ListItem","position":2,"name":"Contacto"}]},{"@type":"WebSite","@id":"https:\/\/psicoterapia-gap.net\/blog\/#website","url":"https:\/\/psicoterapia-gap.net\/blog\/","name":"Gabinete de Acci\u00f3n Psicol\u00f3gica","description":"Psicolog\u00eda Madrid centro","publisher":{"@id":"https:\/\/psicoterapia-gap.net\/blog\/#organization"},"alternateName":"GAP Psicolog\u00eda","potentialAction":[{"@type":"SearchAction","target":{"@type":"EntryPoint","urlTemplate":"https:\/\/psicoterapia-gap.net\/blog\/?s={search_term_string}"},"query-input":{"@type":"PropertyValueSpecification","valueRequired":true,"valueName":"search_term_string"}}],"inLanguage":"es"},{"@type":"Organization","@id":"https:\/\/psicoterapia-gap.net\/blog\/#organization","name":"Gabinete de Acci\u00f3n Psicol\u00f3gica","url":"https:\/\/psicoterapia-gap.net\/blog\/","logo":{"@type":"ImageObject","inLanguage":"es","@id":"https:\/\/psicoterapia-gap.net\/blog\/#\/schema\/logo\/image\/","url":"https:\/\/psicoterapia-gap.net\/blog\/wp-content\/uploads\/2017\/08\/logo-151.png","contentUrl":"https:\/\/psicoterapia-gap.net\/blog\/wp-content\/uploads\/2017\/08\/logo-151.png","width":164,"height":33,"caption":"Gabinete de Acci\u00f3n Psicol\u00f3gica"},"image":{"@id":"https:\/\/psicoterapia-gap.net\/blog\/#\/schema\/logo\/image\/"},"sameAs":["https:\/\/www.instagram.com\/gappsicologia\/"]}]}},"_links":{"self":[{"href":"https:\/\/psicoterapia-gap.net\/blog\/wp-json\/wp\/v2\/pages\/1294","targetHints":{"allow":["GET"]}}],"collection":[{"href":"https:\/\/psicoterapia-gap.net\/blog\/wp-json\/wp\/v2\/pages"}],"about":[{"href":"https:\/\/psicoterapia-gap.net\/blog\/wp-json\/wp\/v2\/types\/page"}],"author":[{"embeddable":true,"href":"https:\/\/psicoterapia-gap.net\/blog\/wp-json\/wp\/v2\/users\/1"}],"replies":[{"embeddable":true,"href":"https:\/\/psicoterapia-gap.net\/blog\/wp-json\/wp\/v2\/comments?post=1294"}],"version-history":[{"count":52,"href":"https:\/\/psicoterapia-gap.net\/blog\/wp-json\/wp\/v2\/pages\/1294\/revisions"}],"predecessor-version":[{"id":56093,"href":"https:\/\/psicoterapia-gap.net\/blog\/wp-json\/wp\/v2\/pages\/1294\/revisions\/56093"}],"wp:attachment":[{"href":"https:\/\/psicoterapia-gap.net\/blog\/wp-json\/wp\/v2\/media?parent=1294"}],"curies":[{"name":"wp","href":"https:\/\/api.w.org\/{rel}","templated":true}]}}